{"id":93,"date":"2021-05-07T13:17:30","date_gmt":"2021-05-07T11:17:30","guid":{"rendered":"http:\/\/marijan-kamenjasevic.from.hr\/?page_id=93"},"modified":"2025-10-16T21:18:30","modified_gmt":"2025-10-16T19:18:30","slug":"sudsko-vjestacenje","status":"publish","type":"page","link":"http:\/\/marijan-kamenjasevic.from.hr\/?page_id=93","title":{"rendered":"Sudsko vje\u0161ta\u010denje"},"content":{"rendered":"<h3 style=\"text-align: justify\">&nbsp;<em><strong>\u0160to je vje\u0161ta\u010denje?<\/strong><\/em><\/h3>\n<p style=\"text-align: justify\">Vje\u0161ta\u010denje je parni\u010dna radnja u okviru koje vje\u0161tak, kao osoba koja&nbsp; raspola\u017ee posebnim znanstvenim ili stru\u010dnim znanjem i iskustvom, primjenjuje znanstvena i stru\u010dna znanja, vje\u0161tine i metode na \u010dinjenice koje predstavljaju predmet vje\u0161ta\u010denja. Vje\u0161ta\u010denje je, parni\u010dna radnja kojom se pribavlja posebni dokaz &#8211; iskaz vje\u0161taka i kao takva pridonosi ostvarenju na\u010dela tra\u017eenja materijalne istine.<\/p>\n<h3 style=\"text-align: justify\"><em><strong>Tko su sudski vje\u0161taci?<\/strong><\/em><\/h3>\n<p style=\"text-align: justify\">Vje\u0161taci su tre\u0107e osobe, razli\u010dite od stranaka i suda, koje svojim stru\u010dnim znanjem ili posebnim iskustvom omogu\u0107uju sudu da sazna odre\u0111enu \u010dinjenicu. Vje\u0161taci se koriste kao dokazna sredstva kada sud ne raspola\u017ee odre\u0111enim stru\u010dnim znanjem, nu\u017enim za saznanje odre\u0111enih \u010dinjenica. Vje\u0161ta\u010denje je samo i jedino onaj nalaz i mi\u0161ljenje koje izradi stalni sudski vje\u0161tak na tra\u017eenje Suda.<\/p>\n<p style=\"text-align: justify\">Stalni sudski vje\u0161tak je fizi\u010dka osoba koja je na temelju dosada\u0161njeg iskustva i savjesnosti odabrana od strane suda kao specijalist za pojedino podru\u010dje.<\/p>\n<p style=\"text-align: justify\">Za stalnog sudskog vje\u0161taka mo\u017ee biti imenovana osoba za koju se u postupku imenovanja utvrdi da ispunjava sljede\u0107e uvjete:<\/p>\n<ul>\n<li style=\"text-align: justify\">da je dr\u017eavljanin Republike Hrvatske, dr\u017eavljanin dr\u017eave \u010dlanice Europske unije ili dr\u017eavljanin dr\u017eave potpisnice Sporazuma o Europskom gospodarskom prostoru,&nbsp;<\/li>\n<li style=\"text-align: justify\">da je nakon zavr\u0161enog odgovaraju\u0107eg studija odnosno odgovaraju\u0107e \u0161kole radila na poslovima u struci i to:<br \/>\n\u2013 najmanje 8 godina \u2013 ako je zavr\u0161ila diplomski sveu\u010dili\u0161ni studij ili specijalisti\u010dki diplomski stru\u010dni studij,<br \/>\n\u2013 najmanje 10 godina \u2013 ako je zavr\u0161ila odgovaraju\u0107i preddiplomski sveu\u010dili\u0161ni studij ili preddiplomski stru\u010dni studij,<br \/>\n\u2013 najmanje 12 godina \u2013 ako je zavr\u0161ila odgovaraju\u0107u srednju \u0161kolu, a za pojedinu struku nema odgovaraju\u0107eg preddiplomskog sveu\u010dili\u0161nog studija ili preddiplomskog stru\u010dnog studija odnosno diplomskog sveu\u010dili\u0161nog studija ili specijalisti\u010dkog diplomskog stru\u010dnog studija,&nbsp;<\/li>\n<li style=\"text-align: justify\">da je uspje\u0161no zavr\u0161ila stru\u010dnu obuku,&nbsp;<\/li>\n<li style=\"text-align: justify\">da ima sklopljen ugovor o osiguranju od odgovornosti za obavljanje poslova stalnog sudskog vje\u0161taka.<\/li>\n<\/ul>\n<p style=\"text-align: justify\">Vje\u0161tak&nbsp;je produ\u017eena ruka suda, gdje sud tra\u017ei stru\u010dno mi\u0161ljenje kako bi ono bilo uzeto kao dokaz u nekom sporu.<\/p>\n<p style=\"text-align: justify\">Vje\u0161ta\u010denje, je stru\u010dni nalaz i mi\u0161ljenje o nekom doga\u0111aju ili pojavi, a vezano je za neku specijalnost. Takvi stru\u010dni elaborati mogu slu\u017eiti kao dokaz na sudu, ali mogu slu\u017eiti i za sve druge stru\u010dne potrebe.<\/p>\n<p style=\"text-align: justify\"><a href=\"https:\/\/narodne-novine.nn.hr\/clanci\/sluzbeni\/2014_03_38_677.html\" target=\"_blank\" rel=\"noopener\">Pravilnik o stalnim sudskim vje\u0161tacima (NN 38\/2014)<\/a><\/p>\n","protected":false},"excerpt":{"rendered":"<p>&nbsp;\u0160to je vje\u0161ta\u010denje? Vje\u0161ta\u010denje je parni\u010dna radnja u okviru koje vje\u0161tak, kao osoba koja&nbsp; raspola\u017ee posebnim znanstvenim ili stru\u010dnim znanjem i iskustvom, primjenjuje znanstvena i stru\u010dna znanja, vje\u0161tine i metode na \u010dinjenice koje predstavljaju predmet vje\u0161ta\u010denja. Vje\u0161ta\u010denje je, parni\u010dna radnja &hellip; <a href=\"http:\/\/marijan-kamenjasevic.from.hr\/?page_id=93\">Nastavi \u010ditati <span class=\"meta-nav\">&rarr;<\/span><\/a><\/p>\n","protected":false},"author":2757,"featured_media":0,"parent":0,"menu_order":0,"comment_status":"closed","ping_status":"closed","template":"","meta":{"ngg_post_thumbnail":0},"yoast_head":"<!-- This site is optimized with the Yoast SEO plugin v17.5 - https:\/\/yoast.com\/wordpress\/plugins\/seo\/ -->\n<meta name=\"robots\" content=\"index, follow, max-snippet:-1, max-image-preview:large, max-video-preview:-1\" \/>\n<link rel=\"canonical\" href=\"http:\/\/marijan-kamenjasevic.from.hr\/?page_id=93\" \/>\n<meta property=\"og:locale\" content=\"hr_HR\" \/>\n<meta property=\"og:type\" content=\"article\" \/>\n<meta property=\"og:title\" content=\"Sudsko vje\u0161ta\u010denje - Marijan Kamenja\u0161evi\u0107\" \/>\n<meta property=\"og:description\" content=\"&nbsp;\u0160to je vje\u0161ta\u010denje? Vje\u0161ta\u010denje je parni\u010dna radnja u okviru koje vje\u0161tak, kao osoba koja&nbsp; raspola\u017ee posebnim znanstvenim ili stru\u010dnim znanjem i iskustvom, primjenjuje znanstvena i stru\u010dna znanja, vje\u0161tine i metode na \u010dinjenice koje predstavljaju predmet vje\u0161ta\u010denja. Vje\u0161ta\u010denje je, parni\u010dna radnja &hellip; Nastavi \u010ditati &rarr;\" \/>\n<meta property=\"og:url\" content=\"http:\/\/marijan-kamenjasevic.from.hr\/?page_id=93\" \/>\n<meta property=\"og:site_name\" content=\"Marijan Kamenja\u0161evi\u0107\" \/>\n<meta property=\"article:modified_time\" content=\"2025-10-16T19:18:30+00:00\" \/>\n<meta name=\"twitter:card\" content=\"summary\" \/>\n<meta name=\"twitter:label1\" content=\"Procijenjeno vrijeme \u010ditanja\" \/>\n\t<meta name=\"twitter:data1\" content=\"2 minute\" \/>\n<script type=\"application\/ld+json\" class=\"yoast-schema-graph\">{\"@context\":\"https:\/\/schema.org\",\"@graph\":[{\"@type\":\"WebSite\",\"@id\":\"http:\/\/marijan-kamenjasevic.from.hr\/#website\",\"url\":\"http:\/\/marijan-kamenjasevic.from.hr\/\",\"name\":\"Marijan Kamenja\\u0161evi\\u0107\",\"description\":\"Savjetovanja i forenzi\\u010dka vje\\u0161ta\\u010denja u podru\\u010dju prometnih nesre\\u0107a, za\\u0161tite na radu i za\\u0161tite od po\\u017eara\",\"potentialAction\":[{\"@type\":\"SearchAction\",\"target\":{\"@type\":\"EntryPoint\",\"urlTemplate\":\"http:\/\/marijan-kamenjasevic.from.hr\/?s={search_term_string}\"},\"query-input\":\"required name=search_term_string\"}],\"inLanguage\":\"hr\"},{\"@type\":\"WebPage\",\"@id\":\"http:\/\/marijan-kamenjasevic.from.hr\/?page_id=93#webpage\",\"url\":\"http:\/\/marijan-kamenjasevic.from.hr\/?page_id=93\",\"name\":\"Sudsko vje\\u0161ta\\u010denje - Marijan Kamenja\\u0161evi\\u0107\",\"isPartOf\":{\"@id\":\"http:\/\/marijan-kamenjasevic.from.hr\/#website\"},\"datePublished\":\"2021-05-07T11:17:30+00:00\",\"dateModified\":\"2025-10-16T19:18:30+00:00\",\"breadcrumb\":{\"@id\":\"http:\/\/marijan-kamenjasevic.from.hr\/?page_id=93#breadcrumb\"},\"inLanguage\":\"hr\",\"potentialAction\":[{\"@type\":\"ReadAction\",\"target\":[\"http:\/\/marijan-kamenjasevic.from.hr\/?page_id=93\"]}]},{\"@type\":\"BreadcrumbList\",\"@id\":\"http:\/\/marijan-kamenjasevic.from.hr\/?page_id=93#breadcrumb\",\"itemListElement\":[{\"@type\":\"ListItem\",\"position\":1,\"name\":\"Home\",\"item\":\"http:\/\/marijan-kamenjasevic.from.hr\/\"},{\"@type\":\"ListItem\",\"position\":2,\"name\":\"Sudsko vje\\u0161ta\\u010denje\"}]}]}<\/script>\n<!-- \/ Yoast SEO plugin. -->","yoast_head_json":{"robots":{"index":"index","follow":"follow","max-snippet":"max-snippet:-1","max-image-preview":"max-image-preview:large","max-video-preview":"max-video-preview:-1"},"canonical":"http:\/\/marijan-kamenjasevic.from.hr\/?page_id=93","og_locale":"hr_HR","og_type":"article","og_title":"Sudsko vje\u0161ta\u010denje - Marijan Kamenja\u0161evi\u0107","og_description":"&nbsp;\u0160to je vje\u0161ta\u010denje? Vje\u0161ta\u010denje je parni\u010dna radnja u okviru koje vje\u0161tak, kao osoba koja&nbsp; raspola\u017ee posebnim znanstvenim ili stru\u010dnim znanjem i iskustvom, primjenjuje znanstvena i stru\u010dna znanja, vje\u0161tine i metode na \u010dinjenice koje predstavljaju predmet vje\u0161ta\u010denja. Vje\u0161ta\u010denje je, parni\u010dna radnja &hellip; Nastavi \u010ditati &rarr;","og_url":"http:\/\/marijan-kamenjasevic.from.hr\/?page_id=93","og_site_name":"Marijan Kamenja\u0161evi\u0107","article_modified_time":"2025-10-16T19:18:30+00:00","twitter_card":"summary","twitter_misc":{"Procijenjeno vrijeme \u010ditanja":"2 minute"},"schema":{"@context":"https:\/\/schema.org","@graph":[{"@type":"WebSite","@id":"http:\/\/marijan-kamenjasevic.from.hr\/#website","url":"http:\/\/marijan-kamenjasevic.from.hr\/","name":"Marijan Kamenja\u0161evi\u0107","description":"Savjetovanja i forenzi\u010dka vje\u0161ta\u010denja u podru\u010dju prometnih nesre\u0107a, za\u0161tite na radu i za\u0161tite od po\u017eara","potentialAction":[{"@type":"SearchAction","target":{"@type":"EntryPoint","urlTemplate":"http:\/\/marijan-kamenjasevic.from.hr\/?s={search_term_string}"},"query-input":"required name=search_term_string"}],"inLanguage":"hr"},{"@type":"WebPage","@id":"http:\/\/marijan-kamenjasevic.from.hr\/?page_id=93#webpage","url":"http:\/\/marijan-kamenjasevic.from.hr\/?page_id=93","name":"Sudsko vje\u0161ta\u010denje - Marijan Kamenja\u0161evi\u0107","isPartOf":{"@id":"http:\/\/marijan-kamenjasevic.from.hr\/#website"},"datePublished":"2021-05-07T11:17:30+00:00","dateModified":"2025-10-16T19:18:30+00:00","breadcrumb":{"@id":"http:\/\/marijan-kamenjasevic.from.hr\/?page_id=93#breadcrumb"},"inLanguage":"hr","potentialAction":[{"@type":"ReadAction","target":["http:\/\/marijan-kamenjasevic.from.hr\/?page_id=93"]}]},{"@type":"BreadcrumbList","@id":"http:\/\/marijan-kamenjasevic.from.hr\/?page_id=93#breadcrumb","itemListElement":[{"@type":"ListItem","position":1,"name":"Home","item":"http:\/\/marijan-kamenjasevic.from.hr\/"},{"@type":"ListItem","position":2,"name":"Sudsko vje\u0161ta\u010denje"}]}]}},"_links":{"self":[{"href":"http:\/\/marijan-kamenjasevic.from.hr\/index.php?rest_route=\/wp\/v2\/pages\/93"}],"collection":[{"href":"http:\/\/marijan-kamenjasevic.from.hr\/index.php?rest_route=\/wp\/v2\/pages"}],"about":[{"href":"http:\/\/marijan-kamenjasevic.from.hr\/index.php?rest_route=\/wp\/v2\/types\/page"}],"author":[{"embeddable":true,"href":"http:\/\/marijan-kamenjasevic.from.hr\/index.php?rest_route=\/wp\/v2\/users\/2757"}],"replies":[{"embeddable":true,"href":"http:\/\/marijan-kamenjasevic.from.hr\/index.php?rest_route=%2Fwp%2Fv2%2Fcomments&post=93"}],"version-history":[{"count":12,"href":"http:\/\/marijan-kamenjasevic.from.hr\/index.php?rest_route=\/wp\/v2\/pages\/93\/revisions"}],"predecessor-version":[{"id":297,"href":"http:\/\/marijan-kamenjasevic.from.hr\/index.php?rest_route=\/wp\/v2\/pages\/93\/revisions\/297"}],"wp:attachment":[{"href":"http:\/\/marijan-kamenjasevic.from.hr\/index.php?rest_route=%2Fwp%2Fv2%2Fmedia&parent=93"}],"curies":[{"name":"wp","href":"https:\/\/api.w.org\/{rel}","templated":true}]}}