{"id":64,"date":"2021-05-07T12:10:06","date_gmt":"2021-05-07T10:10:06","guid":{"rendered":"http:\/\/marijan-kamenjasevic.from.hr\/?page_id=64"},"modified":"2025-10-16T21:19:18","modified_gmt":"2025-10-16T19:19:18","slug":"cestovni-promet","status":"publish","type":"page","link":"http:\/\/marijan-kamenjasevic.from.hr\/?page_id=64","title":{"rendered":"Cestovni promet"},"content":{"rendered":"<p style=\"text-align: justify\"><img loading=\"lazy\" class=\"aligncenter size-full wp-image-79\" src=\"http:\/\/marijan-kamenjasevic.from.hr\/files\/2021\/05\/road-safety.png\" alt=\"\" width=\"446\" height=\"200\" srcset=\"http:\/\/marijan-kamenjasevic.from.hr\/files\/2021\/05\/road-safety.png 446w, http:\/\/marijan-kamenjasevic.from.hr\/files\/2021\/05\/road-safety-300x135.png 300w\" sizes=\"(max-width: 446px) 100vw, 446px\" \/><\/p>\n<h3 style=\"text-align: justify\"><em><strong>\u0160to je cestovni promet?<\/strong><\/em><\/h3>\n<p style=\"text-align: justify\">Cestovni promet je prometna grana koja obavlja prijevoz ljudi i robe cestovnim vozilima.<br \/>\nNajve\u0107i dio cestovnog prometa obavlja se, neovisno o ostalim prometnim granama, po \u0161iroko razgranatoj cestovnoj mre\u017ei.<\/p>\n<h3 style=\"text-align: justify\"><em><strong>Kako se utvr\u0111uje sigurnost u cestovnom prometu?<\/strong><\/em><\/h3>\n<p style=\"text-align: justify\">Sigurnost u cestovnom prometu utvr\u0111uje se Zakonom o sigurnosti prometa na cestama. Zakon utvr\u0111uje sljede\u0107e:<\/p>\n<ul>\n<li style=\"text-align: justify\">temeljna na\u010dela me\u0111usobnih odnosa,<\/li>\n<li style=\"text-align: justify\">pona\u0161anje sudionika i drugih subjekata u prometu na cesti,<\/li>\n<li style=\"text-align: justify\">utvr\u0111uje osnovne uvjete kojima moraju udovoljavati ceste glede sigurnosti prometa,<\/li>\n<li style=\"text-align: justify\">pravila prometa na cestama,<\/li>\n<li style=\"text-align: justify\">sustav prometnih znakova i znakova koje daju ovla\u0161tene osobe<\/li>\n<\/ul>\n<p style=\"text-align: justify\">Zakonom su propisane:<\/p>\n<ul>\n<li style=\"text-align: justify\">du\u017enosti u slu\u010daju prometne nesre\u0107e,<\/li>\n<li style=\"text-align: justify\">osposobljavanje kandidata za voza\u010de,<\/li>\n<li style=\"text-align: justify\">polaganje voza\u010dkog ispita,<\/li>\n<li style=\"text-align: justify\">uvjeti za stjecanje prava na upravljanje vozilima, vu\u010du vozila,<\/li>\n<li style=\"text-align: justify\">uvjete kojima moraju udovoljavati vozila u prometu na cestama<\/li>\n<\/ul>\n<h3 style=\"text-align: justify\"><em><strong>\u0160to vje\u0161tak u cestovnom prometu treba istra\u017eiti?<\/strong><\/em><\/h3>\n<p style=\"text-align: justify\"><strong>Prilikom analize zaprimljenog slu\u010daja, stalni sudski vje\u0161tak uz&nbsp;navedeni Zakon o&nbsp;sigurnosti prometa na cestama&nbsp;mora dodatno istra\u017eiti neki od zakona ovisno o predmetnom slu\u010daju (Zakon o prijevozu u cestovnom prometu,&nbsp;Zakon o prijevozu opasnih tvari, Zakon o cestama i mnogi drugi) te vi\u0161e od 70 aktualnih pravilnika, uredbi, tehni\u010dkih propisa, &#8230;<\/strong><\/p>\n<p style=\"text-align: justify\">Prilikom izrade stru\u010dnog mi\u0161ljenja va\u017eno je utvrditi nadle\u017enosti i odgovornosti svih sudionika u doga\u0111aju. To zna\u010di da je bitno prou\u010diti sve zakone i podzakonske akte koji su bili na snazi u vrijeme doga\u0111aja. \u010cesto se vje\u0161ta\u010de stariji sudski predmeti ili predmeti u kojima su sudjelovala starija vozila pa je ponekad potrebno pretra\u017eiti web prostor i izvu\u0107i podatke o karakteristikama vozila koja mogu biti presudna za zavr\u0161no mi\u0161ljenje.<\/p>\n<p style=\"text-align: justify\">Isto tako, vje\u0161ta\u010denje prometnih nezgoda i nesre\u0107a \u010desto podrazumijeva rje\u0161avanje slo\u017eenih matemati\u010dkih prora\u010duna iz podru\u010dja teorije sudara. Nakon ru\u010dnog rje\u0161avanja problema i dobivanja rezultata, cijeli slu\u010daj se provjerava i u&nbsp;specijaliziranim ra\u010dunalnim aplikacijama koje se bave simuliranjem sudara. Ra\u010dunalne aplikacije nisu smisao same sebi nego one slu\u017ee kao provjera vje\u0161takovih teza i izra\u010dunatih vrijednosti dobivenih putem matemati\u010dkih prora\u010duna.<\/p>\n<p style=\"text-align: justify\"><img loading=\"lazy\" class=\"aligncenter size-medium wp-image-129\" src=\"http:\/\/marijan-kamenjasevic.from.hr\/files\/2021\/05\/crash-app-300x175.jpg\" alt=\"\" width=\"300\" height=\"175\" srcset=\"http:\/\/marijan-kamenjasevic.from.hr\/files\/2021\/05\/crash-app-300x175.jpg 300w, http:\/\/marijan-kamenjasevic.from.hr\/files\/2021\/05\/crash-app.jpg 653w\" sizes=\"(max-width: 300px) 100vw, 300px\" \/><\/p>\n<p style=\"text-align: justify\">&nbsp;<img loading=\"lazy\" class=\"aligncenter size-full wp-image-136\" src=\"http:\/\/marijan-kamenjasevic.from.hr\/files\/2021\/05\/Car-bike-crash.gif\" alt=\"\" width=\"800\" height=\"600\"><\/p>\n","protected":false},"excerpt":{"rendered":"<p>\u0160to je cestovni promet? Cestovni promet je prometna grana koja obavlja prijevoz ljudi i robe cestovnim vozilima. Najve\u0107i dio cestovnog prometa obavlja se, neovisno o ostalim prometnim granama, po \u0161iroko razgranatoj cestovnoj mre\u017ei. Kako se utvr\u0111uje sigurnost u cestovnom prometu? &hellip; <a href=\"http:\/\/marijan-kamenjasevic.from.hr\/?page_id=64\">Nastavi \u010ditati <span class=\"meta-nav\">&rarr;<\/span><\/a><\/p>\n","protected":false},"author":2757,"featured_media":0,"parent":0,"menu_order":0,"comment_status":"closed","ping_status":"closed","template":"","meta":{"ngg_post_thumbnail":0},"yoast_head":"<!-- This site is optimized with the Yoast SEO plugin v17.5 - https:\/\/yoast.com\/wordpress\/plugins\/seo\/ -->\n<meta name=\"robots\" content=\"index, follow, max-snippet:-1, max-image-preview:large, max-video-preview:-1\" \/>\n<link rel=\"canonical\" href=\"http:\/\/marijan-kamenjasevic.from.hr\/?page_id=64\" \/>\n<meta property=\"og:locale\" content=\"hr_HR\" \/>\n<meta property=\"og:type\" content=\"article\" \/>\n<meta property=\"og:title\" content=\"Cestovni promet - Marijan Kamenja\u0161evi\u0107\" \/>\n<meta property=\"og:description\" content=\"\u0160to je cestovni promet? Cestovni promet je prometna grana koja obavlja prijevoz ljudi i robe cestovnim vozilima. Najve\u0107i dio cestovnog prometa obavlja se, neovisno o ostalim prometnim granama, po \u0161iroko razgranatoj cestovnoj mre\u017ei. Kako se utvr\u0111uje sigurnost u cestovnom prometu? &hellip; Nastavi \u010ditati &rarr;\" \/>\n<meta property=\"og:url\" content=\"http:\/\/marijan-kamenjasevic.from.hr\/?page_id=64\" \/>\n<meta property=\"og:site_name\" content=\"Marijan Kamenja\u0161evi\u0107\" \/>\n<meta property=\"article:modified_time\" content=\"2025-10-16T19:19:18+00:00\" \/>\n<meta property=\"og:image\" content=\"http:\/\/marijan-kamenjasevic.from.hr\/files\/2021\/05\/road-safety.png\" \/>\n<meta name=\"twitter:card\" content=\"summary\" \/>\n<meta name=\"twitter:label1\" content=\"Procijenjeno vrijeme \u010ditanja\" \/>\n\t<meta name=\"twitter:data1\" content=\"2 minute\" \/>\n<script type=\"application\/ld+json\" class=\"yoast-schema-graph\">{\"@context\":\"https:\/\/schema.org\",\"@graph\":[{\"@type\":\"WebSite\",\"@id\":\"http:\/\/marijan-kamenjasevic.from.hr\/#website\",\"url\":\"http:\/\/marijan-kamenjasevic.from.hr\/\",\"name\":\"Marijan Kamenja\\u0161evi\\u0107\",\"description\":\"Savjetovanja i forenzi\\u010dka vje\\u0161ta\\u010denja u podru\\u010dju prometnih nesre\\u0107a, za\\u0161tite na radu i za\\u0161tite od po\\u017eara\",\"potentialAction\":[{\"@type\":\"SearchAction\",\"target\":{\"@type\":\"EntryPoint\",\"urlTemplate\":\"http:\/\/marijan-kamenjasevic.from.hr\/?s={search_term_string}\"},\"query-input\":\"required name=search_term_string\"}],\"inLanguage\":\"hr\"},{\"@type\":\"ImageObject\",\"@id\":\"http:\/\/marijan-kamenjasevic.from.hr\/?page_id=64#primaryimage\",\"inLanguage\":\"hr\",\"url\":\"http:\/\/marijan-kamenjasevic.from.hr\/files\/2021\/05\/road-safety.png\",\"contentUrl\":\"http:\/\/marijan-kamenjasevic.from.hr\/files\/2021\/05\/road-safety.png\"},{\"@type\":\"WebPage\",\"@id\":\"http:\/\/marijan-kamenjasevic.from.hr\/?page_id=64#webpage\",\"url\":\"http:\/\/marijan-kamenjasevic.from.hr\/?page_id=64\",\"name\":\"Cestovni promet - Marijan Kamenja\\u0161evi\\u0107\",\"isPartOf\":{\"@id\":\"http:\/\/marijan-kamenjasevic.from.hr\/#website\"},\"primaryImageOfPage\":{\"@id\":\"http:\/\/marijan-kamenjasevic.from.hr\/?page_id=64#primaryimage\"},\"datePublished\":\"2021-05-07T10:10:06+00:00\",\"dateModified\":\"2025-10-16T19:19:18+00:00\",\"breadcrumb\":{\"@id\":\"http:\/\/marijan-kamenjasevic.from.hr\/?page_id=64#breadcrumb\"},\"inLanguage\":\"hr\",\"potentialAction\":[{\"@type\":\"ReadAction\",\"target\":[\"http:\/\/marijan-kamenjasevic.from.hr\/?page_id=64\"]}]},{\"@type\":\"BreadcrumbList\",\"@id\":\"http:\/\/marijan-kamenjasevic.from.hr\/?page_id=64#breadcrumb\",\"itemListElement\":[{\"@type\":\"ListItem\",\"position\":1,\"name\":\"Home\",\"item\":\"http:\/\/marijan-kamenjasevic.from.hr\/\"},{\"@type\":\"ListItem\",\"position\":2,\"name\":\"Cestovni promet\"}]}]}<\/script>\n<!-- \/ Yoast SEO plugin. -->","yoast_head_json":{"robots":{"index":"index","follow":"follow","max-snippet":"max-snippet:-1","max-image-preview":"max-image-preview:large","max-video-preview":"max-video-preview:-1"},"canonical":"http:\/\/marijan-kamenjasevic.from.hr\/?page_id=64","og_locale":"hr_HR","og_type":"article","og_title":"Cestovni promet - Marijan Kamenja\u0161evi\u0107","og_description":"\u0160to je cestovni promet? Cestovni promet je prometna grana koja obavlja prijevoz ljudi i robe cestovnim vozilima. Najve\u0107i dio cestovnog prometa obavlja se, neovisno o ostalim prometnim granama, po \u0161iroko razgranatoj cestovnoj mre\u017ei. Kako se utvr\u0111uje sigurnost u cestovnom prometu? &hellip; Nastavi \u010ditati &rarr;","og_url":"http:\/\/marijan-kamenjasevic.from.hr\/?page_id=64","og_site_name":"Marijan Kamenja\u0161evi\u0107","article_modified_time":"2025-10-16T19:19:18+00:00","og_image":[{"url":"http:\/\/marijan-kamenjasevic.from.hr\/files\/2021\/05\/road-safety.png"}],"twitter_card":"summary","twitter_misc":{"Procijenjeno vrijeme \u010ditanja":"2 minute"},"schema":{"@context":"https:\/\/schema.org","@graph":[{"@type":"WebSite","@id":"http:\/\/marijan-kamenjasevic.from.hr\/#website","url":"http:\/\/marijan-kamenjasevic.from.hr\/","name":"Marijan Kamenja\u0161evi\u0107","description":"Savjetovanja i forenzi\u010dka vje\u0161ta\u010denja u podru\u010dju prometnih nesre\u0107a, za\u0161tite na radu i za\u0161tite od po\u017eara","potentialAction":[{"@type":"SearchAction","target":{"@type":"EntryPoint","urlTemplate":"http:\/\/marijan-kamenjasevic.from.hr\/?s={search_term_string}"},"query-input":"required name=search_term_string"}],"inLanguage":"hr"},{"@type":"ImageObject","@id":"http:\/\/marijan-kamenjasevic.from.hr\/?page_id=64#primaryimage","inLanguage":"hr","url":"http:\/\/marijan-kamenjasevic.from.hr\/files\/2021\/05\/road-safety.png","contentUrl":"http:\/\/marijan-kamenjasevic.from.hr\/files\/2021\/05\/road-safety.png"},{"@type":"WebPage","@id":"http:\/\/marijan-kamenjasevic.from.hr\/?page_id=64#webpage","url":"http:\/\/marijan-kamenjasevic.from.hr\/?page_id=64","name":"Cestovni promet - Marijan Kamenja\u0161evi\u0107","isPartOf":{"@id":"http:\/\/marijan-kamenjasevic.from.hr\/#website"},"primaryImageOfPage":{"@id":"http:\/\/marijan-kamenjasevic.from.hr\/?page_id=64#primaryimage"},"datePublished":"2021-05-07T10:10:06+00:00","dateModified":"2025-10-16T19:19:18+00:00","breadcrumb":{"@id":"http:\/\/marijan-kamenjasevic.from.hr\/?page_id=64#breadcrumb"},"inLanguage":"hr","potentialAction":[{"@type":"ReadAction","target":["http:\/\/marijan-kamenjasevic.from.hr\/?page_id=64"]}]},{"@type":"BreadcrumbList","@id":"http:\/\/marijan-kamenjasevic.from.hr\/?page_id=64#breadcrumb","itemListElement":[{"@type":"ListItem","position":1,"name":"Home","item":"http:\/\/marijan-kamenjasevic.from.hr\/"},{"@type":"ListItem","position":2,"name":"Cestovni promet"}]}]}},"_links":{"self":[{"href":"http:\/\/marijan-kamenjasevic.from.hr\/index.php?rest_route=\/wp\/v2\/pages\/64"}],"collection":[{"href":"http:\/\/marijan-kamenjasevic.from.hr\/index.php?rest_route=\/wp\/v2\/pages"}],"about":[{"href":"http:\/\/marijan-kamenjasevic.from.hr\/index.php?rest_route=\/wp\/v2\/types\/page"}],"author":[{"embeddable":true,"href":"http:\/\/marijan-kamenjasevic.from.hr\/index.php?rest_route=\/wp\/v2\/users\/2757"}],"replies":[{"embeddable":true,"href":"http:\/\/marijan-kamenjasevic.from.hr\/index.php?rest_route=%2Fwp%2Fv2%2Fcomments&post=64"}],"version-history":[{"count":20,"href":"http:\/\/marijan-kamenjasevic.from.hr\/index.php?rest_route=\/wp\/v2\/pages\/64\/revisions"}],"predecessor-version":[{"id":298,"href":"http:\/\/marijan-kamenjasevic.from.hr\/index.php?rest_route=\/wp\/v2\/pages\/64\/revisions\/298"}],"wp:attachment":[{"href":"http:\/\/marijan-kamenjasevic.from.hr\/index.php?rest_route=%2Fwp%2Fv2%2Fmedia&parent=64"}],"curies":[{"name":"wp","href":"https:\/\/api.w.org\/{rel}","templated":true}]}}