{"id":299,"date":"2025-10-16T21:25:00","date_gmt":"2025-10-16T19:25:00","guid":{"rendered":"http:\/\/marijan-kamenjasevic.from.hr\/?page_id=299"},"modified":"2025-10-16T21:26:47","modified_gmt":"2025-10-16T19:26:47","slug":"procjena-vrijednosti","status":"publish","type":"page","link":"http:\/\/marijan-kamenjasevic.from.hr\/?page_id=299","title":{"rendered":"Procjena vrijednosti vozila i plovila"},"content":{"rendered":"<p><span style=\"color: #000000\">Procjena vrijednosti vozila i plovila postupak je kojim se utvr\u0111uje tr\u017ei\u0161na, nabavna ili zamjenska vrijednost motornog vozila, motocikla, gospodarskog vozila, traktora, radnog stroja ili plovila. Takva se procjena provodi u razli\u010dite svrhe \u2013 primjerice prilikom kupoprodaje, naslje\u0111ivanja, darovanja, osiguranja, unosa u temeljni kapital dru\u0161tva, ili kao dio sudskog postupka.<\/span><\/p>\n<p><span style=\"color: #000000\">Cilj procjene jest utvrditi realnu vrijednost predmeta u odre\u0111enom trenutku, uzimaju\u0107i u obzir njegovu starost, op\u0107e tehni\u010dko stanje, prije\u0111ene kilometre ili radne sate, odr\u017eavanje, prethodne popravke, kao i stanje tr\u017ei\u0161ta u kojem se predmet nalazi. Kod plovila dodatno se analizira stanje trupa, pogonskog sustava, opreme te dokumentacija o registraciji i odr\u017eavanju.<\/span><\/p>\n<h2><em><span style=\"color: #000000\">Uloga sudskog vje\u0161taka u procjeni vrijednosti<\/span><\/em><\/h2>\n<p><span style=\"color: #000000\">Sudski vje\u0161tak za promet ili za procjenu vozila i plovila ovla\u0161ten je stru\u010dnjak koji na zahtjev suda, tijela dr\u017eavne uprave, pravnih osoba ili gra\u0111ana izra\u0111uje stru\u010dno mi\u0161ljenje i nalaz o stvarnoj vrijednosti vozila ili plovila.<\/span><\/p>\n<p><span style=\"color: #000000\">Vje\u0161tak provodi detaljan pregled, fotografira stanje, prikuplja tehni\u010dke podatke i uspore\u0111uje ih s tr\u017ei\u0161nim pokazateljima i relevantnim bazama podataka. Na temelju toga izra\u0111uje <strong>nalaz i mi\u0161ljenje<\/strong> u kojem jasno navodi utvr\u0111enu vrijednost, na\u010din i kriterije procjene te sve okolnosti koje su na nju utjecale.<\/span><\/p>\n<p><span style=\"color: #000000\">Takva se procjena koristi kao vjerodostojan dokument u sudskim postupcima, pri sklapanju osiguravateljskih ugovora, kod poreznih prijava ili u privatne svrhe kada je potrebno utvrditi stvarnu vrijednost imovine.<\/span><\/p>\n<h2 data-start=\"1821\" data-end=\"1854\"><em>Stru\u010dnost i kvaliteta procjene<\/em><\/h2>\n<p data-start=\"1856\" data-end=\"2147\">Kao <strong data-start=\"1860\" data-end=\"1885\">stalni sudski vje\u0161tak<\/strong> s dugogodi\u0161njim iskustvom u podru\u010dju <strong data-start=\"1923\" data-end=\"2015\">prometnih vje\u0161ta\u010denja, procjene \u0161teta i odre\u0111ivanja tr\u017ei\u0161ne vrijednosti vozila i plovila<\/strong>, iza mene stoji velik broj izra\u0111enih nalaza i mi\u0161ljenja koja su prihva\u0107ena u sudskim i izvanparni\u010dnim postupcima diljem Hrvatske.<\/p>\n<p data-start=\"2149\" data-end=\"2324\">Moje procjene temelje se na <strong data-start=\"2177\" data-end=\"2251\">stru\u010dnim metodama, provjerenim tr\u017ei\u0161nim analizama i neovisnom pristupu<\/strong>, \u0161to jam\u010di to\u010dnost, pouzdanost i objektivnost svakog izra\u0111enog nalaza.<\/p>\n<p data-start=\"2326\" data-end=\"2651\">Klijentima pristupam <strong data-start=\"2347\" data-end=\"2380\">profesionalno i transparentno<\/strong>, uz potpuno po\u0161tivanje eti\u010dkih na\u010dela struke i va\u017ee\u0107ih propisa Republike Hrvatske i Europske unije. Bilo da se radi o vozilu, plovilu ili drugoj vrsti tehni\u010dke imovine \u2013 cilj je uvijek isti: pru\u017eiti vjerodostojnu, argumentiranu i stru\u010dno utemeljenu procjenu vrijednosti.<\/p>\n","protected":false},"excerpt":{"rendered":"<p>Procjena vrijednosti vozila i plovila postupak je kojim se utvr\u0111uje tr\u017ei\u0161na, nabavna ili zamjenska vrijednost motornog vozila, motocikla, gospodarskog vozila, traktora, radnog stroja ili plovila. Takva se procjena provodi u razli\u010dite svrhe \u2013 primjerice prilikom kupoprodaje, naslje\u0111ivanja, darovanja, osiguranja, unosa &hellip; <a href=\"http:\/\/marijan-kamenjasevic.from.hr\/?page_id=299\">Nastavi \u010ditati <span class=\"meta-nav\">&rarr;<\/span><\/a><\/p>\n","protected":false},"author":2757,"featured_media":0,"parent":0,"menu_order":0,"comment_status":"closed","ping_status":"closed","template":"","meta":{"ngg_post_thumbnail":0},"yoast_head":"<!-- This site is optimized with the Yoast SEO plugin v17.5 - https:\/\/yoast.com\/wordpress\/plugins\/seo\/ -->\n<meta name=\"robots\" content=\"index, follow, max-snippet:-1, max-image-preview:large, max-video-preview:-1\" \/>\n<link rel=\"canonical\" href=\"http:\/\/marijan-kamenjasevic.from.hr\/?page_id=299\" \/>\n<meta property=\"og:locale\" content=\"hr_HR\" \/>\n<meta property=\"og:type\" content=\"article\" \/>\n<meta property=\"og:title\" content=\"Procjena vrijednosti vozila i plovila - Marijan Kamenja\u0161evi\u0107\" \/>\n<meta property=\"og:description\" content=\"Procjena vrijednosti vozila i plovila postupak je kojim se utvr\u0111uje tr\u017ei\u0161na, nabavna ili zamjenska vrijednost motornog vozila, motocikla, gospodarskog vozila, traktora, radnog stroja ili plovila. Takva se procjena provodi u razli\u010dite svrhe \u2013 primjerice prilikom kupoprodaje, naslje\u0111ivanja, darovanja, osiguranja, unosa &hellip; Nastavi \u010ditati &rarr;\" \/>\n<meta property=\"og:url\" content=\"http:\/\/marijan-kamenjasevic.from.hr\/?page_id=299\" \/>\n<meta property=\"og:site_name\" content=\"Marijan Kamenja\u0161evi\u0107\" \/>\n<meta property=\"article:modified_time\" content=\"2025-10-16T19:26:47+00:00\" \/>\n<meta name=\"twitter:card\" content=\"summary\" \/>\n<meta name=\"twitter:label1\" content=\"Procijenjeno vrijeme \u010ditanja\" \/>\n\t<meta name=\"twitter:data1\" content=\"2 minute\" \/>\n<script type=\"application\/ld+json\" class=\"yoast-schema-graph\">{\"@context\":\"https:\/\/schema.org\",\"@graph\":[{\"@type\":\"WebSite\",\"@id\":\"http:\/\/marijan-kamenjasevic.from.hr\/#website\",\"url\":\"http:\/\/marijan-kamenjasevic.from.hr\/\",\"name\":\"Marijan Kamenja\\u0161evi\\u0107\",\"description\":\"Savjetovanja i forenzi\\u010dka vje\\u0161ta\\u010denja u podru\\u010dju prometnih nesre\\u0107a, za\\u0161tite na radu i za\\u0161tite od po\\u017eara\",\"potentialAction\":[{\"@type\":\"SearchAction\",\"target\":{\"@type\":\"EntryPoint\",\"urlTemplate\":\"http:\/\/marijan-kamenjasevic.from.hr\/?s={search_term_string}\"},\"query-input\":\"required name=search_term_string\"}],\"inLanguage\":\"hr\"},{\"@type\":\"WebPage\",\"@id\":\"http:\/\/marijan-kamenjasevic.from.hr\/?page_id=299#webpage\",\"url\":\"http:\/\/marijan-kamenjasevic.from.hr\/?page_id=299\",\"name\":\"Procjena vrijednosti vozila i plovila - Marijan Kamenja\\u0161evi\\u0107\",\"isPartOf\":{\"@id\":\"http:\/\/marijan-kamenjasevic.from.hr\/#website\"},\"datePublished\":\"2025-10-16T19:25:00+00:00\",\"dateModified\":\"2025-10-16T19:26:47+00:00\",\"breadcrumb\":{\"@id\":\"http:\/\/marijan-kamenjasevic.from.hr\/?page_id=299#breadcrumb\"},\"inLanguage\":\"hr\",\"potentialAction\":[{\"@type\":\"ReadAction\",\"target\":[\"http:\/\/marijan-kamenjasevic.from.hr\/?page_id=299\"]}]},{\"@type\":\"BreadcrumbList\",\"@id\":\"http:\/\/marijan-kamenjasevic.from.hr\/?page_id=299#breadcrumb\",\"itemListElement\":[{\"@type\":\"ListItem\",\"position\":1,\"name\":\"Home\",\"item\":\"http:\/\/marijan-kamenjasevic.from.hr\/\"},{\"@type\":\"ListItem\",\"position\":2,\"name\":\"Procjena vrijednosti vozila i plovila\"}]}]}<\/script>\n<!-- \/ Yoast SEO plugin. -->","yoast_head_json":{"robots":{"index":"index","follow":"follow","max-snippet":"max-snippet:-1","max-image-preview":"max-image-preview:large","max-video-preview":"max-video-preview:-1"},"canonical":"http:\/\/marijan-kamenjasevic.from.hr\/?page_id=299","og_locale":"hr_HR","og_type":"article","og_title":"Procjena vrijednosti vozila i plovila - Marijan Kamenja\u0161evi\u0107","og_description":"Procjena vrijednosti vozila i plovila postupak je kojim se utvr\u0111uje tr\u017ei\u0161na, nabavna ili zamjenska vrijednost motornog vozila, motocikla, gospodarskog vozila, traktora, radnog stroja ili plovila. Takva se procjena provodi u razli\u010dite svrhe \u2013 primjerice prilikom kupoprodaje, naslje\u0111ivanja, darovanja, osiguranja, unosa &hellip; Nastavi \u010ditati &rarr;","og_url":"http:\/\/marijan-kamenjasevic.from.hr\/?page_id=299","og_site_name":"Marijan Kamenja\u0161evi\u0107","article_modified_time":"2025-10-16T19:26:47+00:00","twitter_card":"summary","twitter_misc":{"Procijenjeno vrijeme \u010ditanja":"2 minute"},"schema":{"@context":"https:\/\/schema.org","@graph":[{"@type":"WebSite","@id":"http:\/\/marijan-kamenjasevic.from.hr\/#website","url":"http:\/\/marijan-kamenjasevic.from.hr\/","name":"Marijan Kamenja\u0161evi\u0107","description":"Savjetovanja i forenzi\u010dka vje\u0161ta\u010denja u podru\u010dju prometnih nesre\u0107a, za\u0161tite na radu i za\u0161tite od po\u017eara","potentialAction":[{"@type":"SearchAction","target":{"@type":"EntryPoint","urlTemplate":"http:\/\/marijan-kamenjasevic.from.hr\/?s={search_term_string}"},"query-input":"required name=search_term_string"}],"inLanguage":"hr"},{"@type":"WebPage","@id":"http:\/\/marijan-kamenjasevic.from.hr\/?page_id=299#webpage","url":"http:\/\/marijan-kamenjasevic.from.hr\/?page_id=299","name":"Procjena vrijednosti vozila i plovila - Marijan Kamenja\u0161evi\u0107","isPartOf":{"@id":"http:\/\/marijan-kamenjasevic.from.hr\/#website"},"datePublished":"2025-10-16T19:25:00+00:00","dateModified":"2025-10-16T19:26:47+00:00","breadcrumb":{"@id":"http:\/\/marijan-kamenjasevic.from.hr\/?page_id=299#breadcrumb"},"inLanguage":"hr","potentialAction":[{"@type":"ReadAction","target":["http:\/\/marijan-kamenjasevic.from.hr\/?page_id=299"]}]},{"@type":"BreadcrumbList","@id":"http:\/\/marijan-kamenjasevic.from.hr\/?page_id=299#breadcrumb","itemListElement":[{"@type":"ListItem","position":1,"name":"Home","item":"http:\/\/marijan-kamenjasevic.from.hr\/"},{"@type":"ListItem","position":2,"name":"Procjena vrijednosti vozila i plovila"}]}]}},"_links":{"self":[{"href":"http:\/\/marijan-kamenjasevic.from.hr\/index.php?rest_route=\/wp\/v2\/pages\/299"}],"collection":[{"href":"http:\/\/marijan-kamenjasevic.from.hr\/index.php?rest_route=\/wp\/v2\/pages"}],"about":[{"href":"http:\/\/marijan-kamenjasevic.from.hr\/index.php?rest_route=\/wp\/v2\/types\/page"}],"author":[{"embeddable":true,"href":"http:\/\/marijan-kamenjasevic.from.hr\/index.php?rest_route=\/wp\/v2\/users\/2757"}],"replies":[{"embeddable":true,"href":"http:\/\/marijan-kamenjasevic.from.hr\/index.php?rest_route=%2Fwp%2Fv2%2Fcomments&post=299"}],"version-history":[{"count":4,"href":"http:\/\/marijan-kamenjasevic.from.hr\/index.php?rest_route=\/wp\/v2\/pages\/299\/revisions"}],"predecessor-version":[{"id":304,"href":"http:\/\/marijan-kamenjasevic.from.hr\/index.php?rest_route=\/wp\/v2\/pages\/299\/revisions\/304"}],"wp:attachment":[{"href":"http:\/\/marijan-kamenjasevic.from.hr\/index.php?rest_route=%2Fwp%2Fv2%2Fmedia&parent=299"}],"curies":[{"name":"wp","href":"https:\/\/api.w.org\/{rel}","templated":true}]}}