{"id":215,"date":"2025-02-16T21:21:12","date_gmt":"2025-02-16T20:21:12","guid":{"rendered":"http:\/\/marijan-kamenjasevic.from.hr\/?page_id=215"},"modified":"2025-02-16T21:21:12","modified_gmt":"2025-02-16T20:21:12","slug":"prirucnik-iz-zastite-na-radu","status":"publish","type":"page","link":"http:\/\/marijan-kamenjasevic.from.hr\/?page_id=215","title":{"rendered":"Priru\u010dnik iz za\u0161tite na radu"},"content":{"rendered":"<p><a href=\"https:\/\/poslovna-literatura.eu\/archives\/23372\">ZA\u0160TITA NA RADU \u2013 VELIKA ZBIRKA NAJ\u010cE\u0160\u0106IH POGRE\u0160AKA POSLODAVACA<\/a><\/p>\n<p>Ovaj priru\u010dnik detaljno obra\u0111uje naj\u010de\u0161\u0107e pogre\u0161ke koje poslodavci u Hrvatskoj \u010dine prilikom primjene mjera za\u0161tite na radu!<\/p>\n<p>Sigurnost na radnom mjestu danas je klju\u010dna tema za svakog poslodavca. U moru zakonskih propisa, pravilnika i inspekcijskih zahtjeva, lako je izgubiti se i napraviti pogre\u0161ke koje mogu dovesti do ozbiljnih posljedica \u2013 kako za radnike, tako i za va\u0161e poslovanje. Upravo iz tih razloga odlu\u010dili smo izdati jedinstven priru\u010dnik pod nazivom: \u201eZa\u0161tita na radu \u2013 Velika zbirka naj\u010de\u0161\u0107ih pogre\u0161aka poslodavaca\u201c koji \u0107e biti va\u0161 neizostavni vodi\u010d kroz sigurno i uspje\u0161no vo\u0111enje tvrtke.<\/p>\n<p>Ovaj priru\u010dnik detaljno obra\u0111uje naj\u010de\u0161\u0107e pogre\u0161ke koje poslodavci u Hrvatskoj \u010dine prilikom primjene mjera za\u0161tite na radu. Temeljen na stvarnim primjerima iz prakse, analizi inspekcijskih zapisnika i va\u017ee\u0107im zakonima, priru\u010dnik pru\u017ea:<\/p>\n<p>\u2013 pregled naj\u010de\u0161\u0107ih propusta i kako ih izbje\u0107i<br \/>\n\u2013 konkretnu analizu inspekcijskih slu\u017ebi i \u0161to one o\u010dekuju<br \/>\n\u2013 prakti\u010dne savjete za uskla\u0111ivanje va\u0161eg poslovanja s propisima<br \/>\n\u2013 smjernice za provo\u0111enje sigurnosnih mjera koje \u0107e va\u0161u tvrtku staviti korak ispred potencijalnih problema.<\/p>\n<p>Svakodnevno svjedo\u010dimo izazovima s kojima se poslodavci suo\u010davaju. I najmanja pogre\u0161ka u provedbi za\u0161tite na radu mo\u017ee dovesti do financijskih kazni, zaustavljanja rada ili ugro\u017eavanja sigurnosti radnika. Cilj ovog priru\u010dnika je osigurati prakti\u010dan alat koji \u0107e vam pomo\u0107i izbje\u0107i takve situacije. Odlu\u010dili smo izdati zbirku koja nije samo teoretski vodi\u010d, ve\u0107 konkretan, lako razumljiv i odmah primjenjiv resurs za svakog poslodavca \u2013 bez obzira na veli\u010dinu poduze\u0107a ili sektor djelatnosti.<\/p>\n<p>Priru\u010dnik je namijenjen vlasnicima i direktorima poduze\u0107a, voditeljima ljudskih resursa, stru\u010dnjacima za za\u0161titu na radu i svima koji su odgovorni za sigurnost radnika i uskla\u0111enost s pravnim propisima.<\/p>\n<p>Uz pomo\u0107 ovog priru\u010dnika:<br \/>\n\u2013 izbjegnite naj\u010de\u0161\u0107e gre\u0161ke koje inspekcijske slu\u017ebe identificiraju<br \/>\n\u2013 smanjite financijske rizike povezane s kaznama<br \/>\n\u2013 u\u010dinkovito organizirajte za\u0161titu na radu u va\u0161em poduze\u0107u<br \/>\n\u2013 osigurajte mirniju i sigurniju radnu atmosferu za sve djelatnike.<\/p>\n<p>Priru\u010dnik je pisan jednostavnim i razumljivim jezikom s primjerima iz stvarnog \u017eivota koji olak\u0161avaju njegovu primjenu. Priru\u010dnik je kompaktan, ali sveobuhvatan \u2013 sve \u0161to trebate na jednom mjestu, a napisao ga je stru\u010dnjak s dugogodi\u0161njim iskustvom u podru\u010dju za\u0161tite na radu.<\/p>\n<p>&nbsp;<\/p>\n","protected":false},"excerpt":{"rendered":"<p>ZA\u0160TITA NA RADU \u2013 VELIKA ZBIRKA NAJ\u010cE\u0160\u0106IH POGRE\u0160AKA POSLODAVACA Ovaj priru\u010dnik detaljno obra\u0111uje naj\u010de\u0161\u0107e pogre\u0161ke koje poslodavci u Hrvatskoj \u010dine prilikom primjene mjera za\u0161tite na radu! Sigurnost na radnom mjestu danas je klju\u010dna tema za svakog poslodavca. U moru zakonskih &hellip; <a href=\"http:\/\/marijan-kamenjasevic.from.hr\/?page_id=215\">Nastavi \u010ditati <span class=\"meta-nav\">&rarr;<\/span><\/a><\/p>\n","protected":false},"author":2757,"featured_media":0,"parent":0,"menu_order":0,"comment_status":"closed","ping_status":"closed","template":"","meta":{"ngg_post_thumbnail":0},"yoast_head":"<!-- This site is optimized with the Yoast SEO plugin v17.5 - https:\/\/yoast.com\/wordpress\/plugins\/seo\/ -->\n<meta name=\"robots\" content=\"index, follow, max-snippet:-1, max-image-preview:large, max-video-preview:-1\" \/>\n<link rel=\"canonical\" href=\"http:\/\/marijan-kamenjasevic.from.hr\/?page_id=215\" \/>\n<meta property=\"og:locale\" content=\"hr_HR\" \/>\n<meta property=\"og:type\" content=\"article\" \/>\n<meta property=\"og:title\" content=\"Priru\u010dnik iz za\u0161tite na radu - Marijan Kamenja\u0161evi\u0107\" \/>\n<meta property=\"og:description\" content=\"ZA\u0160TITA NA RADU \u2013 VELIKA ZBIRKA NAJ\u010cE\u0160\u0106IH POGRE\u0160AKA POSLODAVACA Ovaj priru\u010dnik detaljno obra\u0111uje naj\u010de\u0161\u0107e pogre\u0161ke koje poslodavci u Hrvatskoj \u010dine prilikom primjene mjera za\u0161tite na radu! Sigurnost na radnom mjestu danas je klju\u010dna tema za svakog poslodavca. U moru zakonskih &hellip; Nastavi \u010ditati &rarr;\" \/>\n<meta property=\"og:url\" content=\"http:\/\/marijan-kamenjasevic.from.hr\/?page_id=215\" \/>\n<meta property=\"og:site_name\" content=\"Marijan Kamenja\u0161evi\u0107\" \/>\n<meta name=\"twitter:card\" content=\"summary\" \/>\n<meta name=\"twitter:label1\" content=\"Procijenjeno vrijeme \u010ditanja\" \/>\n\t<meta name=\"twitter:data1\" content=\"2 minute\" \/>\n<script type=\"application\/ld+json\" class=\"yoast-schema-graph\">{\"@context\":\"https:\/\/schema.org\",\"@graph\":[{\"@type\":\"WebSite\",\"@id\":\"http:\/\/marijan-kamenjasevic.from.hr\/#website\",\"url\":\"http:\/\/marijan-kamenjasevic.from.hr\/\",\"name\":\"Marijan Kamenja\\u0161evi\\u0107\",\"description\":\"Savjetovanja i forenzi\\u010dka vje\\u0161ta\\u010denja u podru\\u010dju prometnih nesre\\u0107a, za\\u0161tite na radu i za\\u0161tite od po\\u017eara\",\"potentialAction\":[{\"@type\":\"SearchAction\",\"target\":{\"@type\":\"EntryPoint\",\"urlTemplate\":\"http:\/\/marijan-kamenjasevic.from.hr\/?s={search_term_string}\"},\"query-input\":\"required name=search_term_string\"}],\"inLanguage\":\"hr\"},{\"@type\":\"WebPage\",\"@id\":\"http:\/\/marijan-kamenjasevic.from.hr\/?page_id=215#webpage\",\"url\":\"http:\/\/marijan-kamenjasevic.from.hr\/?page_id=215\",\"name\":\"Priru\\u010dnik iz za\\u0161tite na radu - Marijan Kamenja\\u0161evi\\u0107\",\"isPartOf\":{\"@id\":\"http:\/\/marijan-kamenjasevic.from.hr\/#website\"},\"datePublished\":\"2025-02-16T20:21:12+00:00\",\"dateModified\":\"2025-02-16T20:21:12+00:00\",\"breadcrumb\":{\"@id\":\"http:\/\/marijan-kamenjasevic.from.hr\/?page_id=215#breadcrumb\"},\"inLanguage\":\"hr\",\"potentialAction\":[{\"@type\":\"ReadAction\",\"target\":[\"http:\/\/marijan-kamenjasevic.from.hr\/?page_id=215\"]}]},{\"@type\":\"BreadcrumbList\",\"@id\":\"http:\/\/marijan-kamenjasevic.from.hr\/?page_id=215#breadcrumb\",\"itemListElement\":[{\"@type\":\"ListItem\",\"position\":1,\"name\":\"Home\",\"item\":\"http:\/\/marijan-kamenjasevic.from.hr\/\"},{\"@type\":\"ListItem\",\"position\":2,\"name\":\"Priru\\u010dnik iz za\\u0161tite na radu\"}]}]}<\/script>\n<!-- \/ Yoast SEO plugin. -->","yoast_head_json":{"robots":{"index":"index","follow":"follow","max-snippet":"max-snippet:-1","max-image-preview":"max-image-preview:large","max-video-preview":"max-video-preview:-1"},"canonical":"http:\/\/marijan-kamenjasevic.from.hr\/?page_id=215","og_locale":"hr_HR","og_type":"article","og_title":"Priru\u010dnik iz za\u0161tite na radu - Marijan Kamenja\u0161evi\u0107","og_description":"ZA\u0160TITA NA RADU \u2013 VELIKA ZBIRKA NAJ\u010cE\u0160\u0106IH POGRE\u0160AKA POSLODAVACA Ovaj priru\u010dnik detaljno obra\u0111uje naj\u010de\u0161\u0107e pogre\u0161ke koje poslodavci u Hrvatskoj \u010dine prilikom primjene mjera za\u0161tite na radu! Sigurnost na radnom mjestu danas je klju\u010dna tema za svakog poslodavca. U moru zakonskih &hellip; Nastavi \u010ditati &rarr;","og_url":"http:\/\/marijan-kamenjasevic.from.hr\/?page_id=215","og_site_name":"Marijan Kamenja\u0161evi\u0107","twitter_card":"summary","twitter_misc":{"Procijenjeno vrijeme \u010ditanja":"2 minute"},"schema":{"@context":"https:\/\/schema.org","@graph":[{"@type":"WebSite","@id":"http:\/\/marijan-kamenjasevic.from.hr\/#website","url":"http:\/\/marijan-kamenjasevic.from.hr\/","name":"Marijan Kamenja\u0161evi\u0107","description":"Savjetovanja i forenzi\u010dka vje\u0161ta\u010denja u podru\u010dju prometnih nesre\u0107a, za\u0161tite na radu i za\u0161tite od po\u017eara","potentialAction":[{"@type":"SearchAction","target":{"@type":"EntryPoint","urlTemplate":"http:\/\/marijan-kamenjasevic.from.hr\/?s={search_term_string}"},"query-input":"required name=search_term_string"}],"inLanguage":"hr"},{"@type":"WebPage","@id":"http:\/\/marijan-kamenjasevic.from.hr\/?page_id=215#webpage","url":"http:\/\/marijan-kamenjasevic.from.hr\/?page_id=215","name":"Priru\u010dnik iz za\u0161tite na radu - Marijan Kamenja\u0161evi\u0107","isPartOf":{"@id":"http:\/\/marijan-kamenjasevic.from.hr\/#website"},"datePublished":"2025-02-16T20:21:12+00:00","dateModified":"2025-02-16T20:21:12+00:00","breadcrumb":{"@id":"http:\/\/marijan-kamenjasevic.from.hr\/?page_id=215#breadcrumb"},"inLanguage":"hr","potentialAction":[{"@type":"ReadAction","target":["http:\/\/marijan-kamenjasevic.from.hr\/?page_id=215"]}]},{"@type":"BreadcrumbList","@id":"http:\/\/marijan-kamenjasevic.from.hr\/?page_id=215#breadcrumb","itemListElement":[{"@type":"ListItem","position":1,"name":"Home","item":"http:\/\/marijan-kamenjasevic.from.hr\/"},{"@type":"ListItem","position":2,"name":"Priru\u010dnik iz za\u0161tite na radu"}]}]}},"_links":{"self":[{"href":"http:\/\/marijan-kamenjasevic.from.hr\/index.php?rest_route=\/wp\/v2\/pages\/215"}],"collection":[{"href":"http:\/\/marijan-kamenjasevic.from.hr\/index.php?rest_route=\/wp\/v2\/pages"}],"about":[{"href":"http:\/\/marijan-kamenjasevic.from.hr\/index.php?rest_route=\/wp\/v2\/types\/page"}],"author":[{"embeddable":true,"href":"http:\/\/marijan-kamenjasevic.from.hr\/index.php?rest_route=\/wp\/v2\/users\/2757"}],"replies":[{"embeddable":true,"href":"http:\/\/marijan-kamenjasevic.from.hr\/index.php?rest_route=%2Fwp%2Fv2%2Fcomments&post=215"}],"version-history":[{"count":1,"href":"http:\/\/marijan-kamenjasevic.from.hr\/index.php?rest_route=\/wp\/v2\/pages\/215\/revisions"}],"predecessor-version":[{"id":216,"href":"http:\/\/marijan-kamenjasevic.from.hr\/index.php?rest_route=\/wp\/v2\/pages\/215\/revisions\/216"}],"wp:attachment":[{"href":"http:\/\/marijan-kamenjasevic.from.hr\/index.php?rest_route=%2Fwp%2Fv2%2Fmedia&parent=215"}],"curies":[{"name":"wp","href":"https:\/\/api.w.org\/{rel}","templated":true}]}}