{"id":198,"date":"2024-02-13T22:47:41","date_gmt":"2024-02-13T21:47:41","guid":{"rendered":"http:\/\/marijan-kamenjasevic.from.hr\/?page_id=198"},"modified":"2024-02-13T22:56:26","modified_gmt":"2024-02-13T21:56:26","slug":"procjena-ugrozenosti-od-pozara","status":"publish","type":"page","link":"http:\/\/marijan-kamenjasevic.from.hr\/?page_id=198","title":{"rendered":"Procjena ugro\u017eenosti od po\u017eara"},"content":{"rendered":"<p style=\"text-align: justify\">Kroz temeljitu analizu, identificiram sve potencijalne prijetnje i rizike od po\u017eara u va\u0161em prostoru. Moja procjena obuhva\u0107a sve aspekte, od strukture objekta do postoje\u0107ih protupo\u017earnih sustava.<\/p>\n<p style=\"text-align: justify\"><strong>Kako Radim<\/strong><br \/>\nPregled Objekta: Po\u010dinjem s detaljnim pregledom va\u0161eg objekta kako bih identificirao sve potencijalne izvore po\u017eara i slabosti u va\u0161im protupo\u017earnim sustavima.<\/p>\n<p style=\"text-align: justify\">Analiza Rizika: Provodim detaljnu analizu svih identificiranih rizika kako bih utvrdio njihovu vjerojatnost i potencijalne posljedice.<\/p>\n<p style=\"text-align: justify\">Izrada Procjene: Na temelju prikupljenih podataka, izra\u0111ujem detaljnu procjenu ugro\u017eenosti od po\u017eara koja obuhva\u0107a sve identificirane rizike i preporuke za njihovo ubla\u017eavanje.<\/p>\n<p style=\"text-align: justify\">Preporuke za Prevenciju: Pru\u017eam vam konkretne preporuke i strategije kako biste smanjili rizike od po\u017eara i osigurali sigurnost va\u0161eg objekta.<\/p>\n","protected":false},"excerpt":{"rendered":"<p>Kroz temeljitu analizu, identificiram sve potencijalne prijetnje i rizike od po\u017eara u va\u0161em prostoru. Moja procjena obuhva\u0107a sve aspekte, od strukture objekta do postoje\u0107ih protupo\u017earnih sustava. Kako Radim Pregled Objekta: Po\u010dinjem s detaljnim pregledom va\u0161eg objekta kako bih identificirao sve &hellip; <a href=\"http:\/\/marijan-kamenjasevic.from.hr\/?page_id=198\">Nastavi \u010ditati <span class=\"meta-nav\">&rarr;<\/span><\/a><\/p>\n","protected":false},"author":2757,"featured_media":0,"parent":0,"menu_order":0,"comment_status":"closed","ping_status":"closed","template":"","meta":{"ngg_post_thumbnail":0},"yoast_head":"<!-- This site is optimized with the Yoast SEO plugin v17.5 - https:\/\/yoast.com\/wordpress\/plugins\/seo\/ -->\n<meta name=\"robots\" content=\"index, follow, max-snippet:-1, max-image-preview:large, max-video-preview:-1\" \/>\n<link rel=\"canonical\" href=\"http:\/\/marijan-kamenjasevic.from.hr\/?page_id=198\" \/>\n<meta property=\"og:locale\" content=\"hr_HR\" \/>\n<meta property=\"og:type\" content=\"article\" \/>\n<meta property=\"og:title\" content=\"Procjena ugro\u017eenosti od po\u017eara - Marijan Kamenja\u0161evi\u0107\" \/>\n<meta property=\"og:description\" content=\"Kroz temeljitu analizu, identificiram sve potencijalne prijetnje i rizike od po\u017eara u va\u0161em prostoru. Moja procjena obuhva\u0107a sve aspekte, od strukture objekta do postoje\u0107ih protupo\u017earnih sustava. Kako Radim Pregled Objekta: Po\u010dinjem s detaljnim pregledom va\u0161eg objekta kako bih identificirao sve &hellip; Nastavi \u010ditati &rarr;\" \/>\n<meta property=\"og:url\" content=\"http:\/\/marijan-kamenjasevic.from.hr\/?page_id=198\" \/>\n<meta property=\"og:site_name\" content=\"Marijan Kamenja\u0161evi\u0107\" \/>\n<meta property=\"article:modified_time\" content=\"2024-02-13T21:56:26+00:00\" \/>\n<meta name=\"twitter:card\" content=\"summary\" \/>\n<meta name=\"twitter:label1\" content=\"Procijenjeno vrijeme \u010ditanja\" \/>\n\t<meta name=\"twitter:data1\" content=\"1 minuta\" \/>\n<script type=\"application\/ld+json\" class=\"yoast-schema-graph\">{\"@context\":\"https:\/\/schema.org\",\"@graph\":[{\"@type\":\"WebSite\",\"@id\":\"http:\/\/marijan-kamenjasevic.from.hr\/#website\",\"url\":\"http:\/\/marijan-kamenjasevic.from.hr\/\",\"name\":\"Marijan Kamenja\\u0161evi\\u0107\",\"description\":\"Savjetovanja i forenzi\\u010dka vje\\u0161ta\\u010denja u podru\\u010dju prometnih nesre\\u0107a, za\\u0161tite na radu i za\\u0161tite od po\\u017eara\",\"potentialAction\":[{\"@type\":\"SearchAction\",\"target\":{\"@type\":\"EntryPoint\",\"urlTemplate\":\"http:\/\/marijan-kamenjasevic.from.hr\/?s={search_term_string}\"},\"query-input\":\"required name=search_term_string\"}],\"inLanguage\":\"hr\"},{\"@type\":\"WebPage\",\"@id\":\"http:\/\/marijan-kamenjasevic.from.hr\/?page_id=198#webpage\",\"url\":\"http:\/\/marijan-kamenjasevic.from.hr\/?page_id=198\",\"name\":\"Procjena ugro\\u017eenosti od po\\u017eara - Marijan Kamenja\\u0161evi\\u0107\",\"isPartOf\":{\"@id\":\"http:\/\/marijan-kamenjasevic.from.hr\/#website\"},\"datePublished\":\"2024-02-13T21:47:41+00:00\",\"dateModified\":\"2024-02-13T21:56:26+00:00\",\"breadcrumb\":{\"@id\":\"http:\/\/marijan-kamenjasevic.from.hr\/?page_id=198#breadcrumb\"},\"inLanguage\":\"hr\",\"potentialAction\":[{\"@type\":\"ReadAction\",\"target\":[\"http:\/\/marijan-kamenjasevic.from.hr\/?page_id=198\"]}]},{\"@type\":\"BreadcrumbList\",\"@id\":\"http:\/\/marijan-kamenjasevic.from.hr\/?page_id=198#breadcrumb\",\"itemListElement\":[{\"@type\":\"ListItem\",\"position\":1,\"name\":\"Home\",\"item\":\"http:\/\/marijan-kamenjasevic.from.hr\/\"},{\"@type\":\"ListItem\",\"position\":2,\"name\":\"Procjena ugro\\u017eenosti od po\\u017eara\"}]}]}<\/script>\n<!-- \/ Yoast SEO plugin. -->","yoast_head_json":{"robots":{"index":"index","follow":"follow","max-snippet":"max-snippet:-1","max-image-preview":"max-image-preview:large","max-video-preview":"max-video-preview:-1"},"canonical":"http:\/\/marijan-kamenjasevic.from.hr\/?page_id=198","og_locale":"hr_HR","og_type":"article","og_title":"Procjena ugro\u017eenosti od po\u017eara - Marijan Kamenja\u0161evi\u0107","og_description":"Kroz temeljitu analizu, identificiram sve potencijalne prijetnje i rizike od po\u017eara u va\u0161em prostoru. Moja procjena obuhva\u0107a sve aspekte, od strukture objekta do postoje\u0107ih protupo\u017earnih sustava. Kako Radim Pregled Objekta: Po\u010dinjem s detaljnim pregledom va\u0161eg objekta kako bih identificirao sve &hellip; Nastavi \u010ditati &rarr;","og_url":"http:\/\/marijan-kamenjasevic.from.hr\/?page_id=198","og_site_name":"Marijan Kamenja\u0161evi\u0107","article_modified_time":"2024-02-13T21:56:26+00:00","twitter_card":"summary","twitter_misc":{"Procijenjeno vrijeme \u010ditanja":"1 minuta"},"schema":{"@context":"https:\/\/schema.org","@graph":[{"@type":"WebSite","@id":"http:\/\/marijan-kamenjasevic.from.hr\/#website","url":"http:\/\/marijan-kamenjasevic.from.hr\/","name":"Marijan Kamenja\u0161evi\u0107","description":"Savjetovanja i forenzi\u010dka vje\u0161ta\u010denja u podru\u010dju prometnih nesre\u0107a, za\u0161tite na radu i za\u0161tite od po\u017eara","potentialAction":[{"@type":"SearchAction","target":{"@type":"EntryPoint","urlTemplate":"http:\/\/marijan-kamenjasevic.from.hr\/?s={search_term_string}"},"query-input":"required name=search_term_string"}],"inLanguage":"hr"},{"@type":"WebPage","@id":"http:\/\/marijan-kamenjasevic.from.hr\/?page_id=198#webpage","url":"http:\/\/marijan-kamenjasevic.from.hr\/?page_id=198","name":"Procjena ugro\u017eenosti od po\u017eara - Marijan Kamenja\u0161evi\u0107","isPartOf":{"@id":"http:\/\/marijan-kamenjasevic.from.hr\/#website"},"datePublished":"2024-02-13T21:47:41+00:00","dateModified":"2024-02-13T21:56:26+00:00","breadcrumb":{"@id":"http:\/\/marijan-kamenjasevic.from.hr\/?page_id=198#breadcrumb"},"inLanguage":"hr","potentialAction":[{"@type":"ReadAction","target":["http:\/\/marijan-kamenjasevic.from.hr\/?page_id=198"]}]},{"@type":"BreadcrumbList","@id":"http:\/\/marijan-kamenjasevic.from.hr\/?page_id=198#breadcrumb","itemListElement":[{"@type":"ListItem","position":1,"name":"Home","item":"http:\/\/marijan-kamenjasevic.from.hr\/"},{"@type":"ListItem","position":2,"name":"Procjena ugro\u017eenosti od po\u017eara"}]}]}},"_links":{"self":[{"href":"http:\/\/marijan-kamenjasevic.from.hr\/index.php?rest_route=\/wp\/v2\/pages\/198"}],"collection":[{"href":"http:\/\/marijan-kamenjasevic.from.hr\/index.php?rest_route=\/wp\/v2\/pages"}],"about":[{"href":"http:\/\/marijan-kamenjasevic.from.hr\/index.php?rest_route=\/wp\/v2\/types\/page"}],"author":[{"embeddable":true,"href":"http:\/\/marijan-kamenjasevic.from.hr\/index.php?rest_route=\/wp\/v2\/users\/2757"}],"replies":[{"embeddable":true,"href":"http:\/\/marijan-kamenjasevic.from.hr\/index.php?rest_route=%2Fwp%2Fv2%2Fcomments&post=198"}],"version-history":[{"count":2,"href":"http:\/\/marijan-kamenjasevic.from.hr\/index.php?rest_route=\/wp\/v2\/pages\/198\/revisions"}],"predecessor-version":[{"id":210,"href":"http:\/\/marijan-kamenjasevic.from.hr\/index.php?rest_route=\/wp\/v2\/pages\/198\/revisions\/210"}],"wp:attachment":[{"href":"http:\/\/marijan-kamenjasevic.from.hr\/index.php?rest_route=%2Fwp%2Fv2%2Fmedia&parent=198"}],"curies":[{"name":"wp","href":"https:\/\/api.w.org\/{rel}","templated":true}]}}