{"id":193,"date":"2024-02-13T22:44:01","date_gmt":"2024-02-13T21:44:01","guid":{"rendered":"http:\/\/marijan-kamenjasevic.from.hr\/?page_id=193"},"modified":"2024-02-13T22:53:47","modified_gmt":"2024-02-13T21:53:47","slug":"modeliranje-evakuacije-iz-zgrade","status":"publish","type":"page","link":"http:\/\/marijan-kamenjasevic.from.hr\/?page_id=193","title":{"rendered":"Modeliranje evakuacije iz zgrade"},"content":{"rendered":"<p style=\"text-align: justify\">\u0160to je modeliranje evakuacije u slu\u010daju po\u017eara?<\/p>\n<p style=\"text-align: justify\">Modeliranje po\u017earne evakuacije metoda je simulacije po\u017eara u stvarnom \u017eivotu za predvi\u0111anje vremena evakuacije za podru\u010dja i zgrade. Temelji se na tome kako \u0107e ljudi reagirati pod pritiskom po\u017eara, a kada u igru u\u0111u emocije, mogu\u0107a gu\u017eva i reakcija materijala i sustava unutar zgrade. To zatim omogu\u0107uje onima koji su uklju\u010deni u upravljanje objektima i projektiranje infrastrukture i zgrada da planiraju naju\u010dinkovitija dizajnerska rje\u0161enja i strategije evakuacije u slu\u010daju po\u017eara.<\/p>\n<p style=\"text-align: justify\">Iako su dostupni dokumenti sa smjernicama koji specificiraju odre\u0111ene zna\u010dajke dizajna po\u017earne evakuacije kao \u0161to su \u0161irina izlazne rute i karakteristike putnika, modeliranje po\u017earne evakuacije nudi robusnije &#8211; i \u010desto ekonomi\u010dnije &#8211; rje\u0161enje problema.<\/p>\n<p style=\"text-align: justify\">Modeliranje evakuacije u slu\u010daju po\u017eara posebno je vrijedno ako je potrebno predvidjeti vrijeme potrebno za evakuaciju zgrade. To se \u010desto naziva potrebno sigurno vrijeme izlaza ili RSET.&nbsp;U kombinaciji s modeliranjem dima, ovo se tako\u0111er mo\u017ee koristiti za predvi\u0111anje vremena koje \u0107e trebati da stvarna po\u017earna situacija postane neodr\u017eiva &#8211; dostupno sigurno vrijeme izlaska ili ASET.<\/p>\n<p style=\"text-align: justify\">Kori\u0161tenjem specijaliziranih alata mogu ponuditi niz razli\u010ditih opcija kada je u pitanju procjena strategije evakuacije u slu\u010daju po\u017eara za va\u0161u zgradu.<\/p>\n<p style=\"text-align: justify\">U modeliranju evakuacije u slu\u010daju po\u017eara koristim najnovije tehnologije za stvaranje simulacija koje predvi\u0111aju protok ljudi i pokazuju najbolji dizajn za sigurnost od po\u017eara &#8211; dok uvijek maksimiziram druge zna\u010dajke va\u0161e zgrade.<\/p>\n<p style=\"text-align: justify\">Ova tehnologija omogu\u0107uje mi to\u010dnu procjenu mno\u0161tva scenarija koji osiguravaju da je va\u0161a zgrada sigurna za kori\u0161tenje.<\/p>\n<p><img loading=\"lazy\" class=\"size-full wp-image-194 alignleft\" src=\"http:\/\/marijan-kamenjasevic.from.hr\/files\/2024\/02\/Clipboard02.jpg\" alt=\"\" width=\"768\" height=\"415\" srcset=\"http:\/\/marijan-kamenjasevic.from.hr\/files\/2024\/02\/Clipboard02.jpg 768w, http:\/\/marijan-kamenjasevic.from.hr\/files\/2024\/02\/Clipboard02-300x162.jpg 300w\" sizes=\"(max-width: 768px) 100vw, 768px\" \/><\/p>\n","protected":false},"excerpt":{"rendered":"<p>\u0160to je modeliranje evakuacije u slu\u010daju po\u017eara? Modeliranje po\u017earne evakuacije metoda je simulacije po\u017eara u stvarnom \u017eivotu za predvi\u0111anje vremena evakuacije za podru\u010dja i zgrade. Temelji se na tome kako \u0107e ljudi reagirati pod pritiskom po\u017eara, a kada u igru &hellip; <a href=\"http:\/\/marijan-kamenjasevic.from.hr\/?page_id=193\">Nastavi \u010ditati <span class=\"meta-nav\">&rarr;<\/span><\/a><\/p>\n","protected":false},"author":2757,"featured_media":0,"parent":0,"menu_order":0,"comment_status":"closed","ping_status":"closed","template":"","meta":{"ngg_post_thumbnail":0},"yoast_head":"<!-- This site is optimized with the Yoast SEO plugin v17.5 - https:\/\/yoast.com\/wordpress\/plugins\/seo\/ -->\n<meta name=\"robots\" content=\"index, follow, max-snippet:-1, max-image-preview:large, max-video-preview:-1\" \/>\n<link rel=\"canonical\" href=\"http:\/\/marijan-kamenjasevic.from.hr\/?page_id=193\" \/>\n<meta property=\"og:locale\" content=\"hr_HR\" \/>\n<meta property=\"og:type\" content=\"article\" \/>\n<meta property=\"og:title\" content=\"Modeliranje evakuacije iz zgrade - Marijan Kamenja\u0161evi\u0107\" \/>\n<meta property=\"og:description\" content=\"\u0160to je modeliranje evakuacije u slu\u010daju po\u017eara? Modeliranje po\u017earne evakuacije metoda je simulacije po\u017eara u stvarnom \u017eivotu za predvi\u0111anje vremena evakuacije za podru\u010dja i zgrade. Temelji se na tome kako \u0107e ljudi reagirati pod pritiskom po\u017eara, a kada u igru &hellip; Nastavi \u010ditati &rarr;\" \/>\n<meta property=\"og:url\" content=\"http:\/\/marijan-kamenjasevic.from.hr\/?page_id=193\" \/>\n<meta property=\"og:site_name\" content=\"Marijan Kamenja\u0161evi\u0107\" \/>\n<meta property=\"article:modified_time\" content=\"2024-02-13T21:53:47+00:00\" \/>\n<meta property=\"og:image\" content=\"http:\/\/from.hr\/marijan-kamenjasevic\/files\/2024\/02\/Clipboard02.jpg\" \/>\n<meta name=\"twitter:card\" content=\"summary\" \/>\n<meta name=\"twitter:label1\" content=\"Procijenjeno vrijeme \u010ditanja\" \/>\n\t<meta name=\"twitter:data1\" content=\"2 minute\" \/>\n<script type=\"application\/ld+json\" class=\"yoast-schema-graph\">{\"@context\":\"https:\/\/schema.org\",\"@graph\":[{\"@type\":\"WebSite\",\"@id\":\"http:\/\/marijan-kamenjasevic.from.hr\/#website\",\"url\":\"http:\/\/marijan-kamenjasevic.from.hr\/\",\"name\":\"Marijan Kamenja\\u0161evi\\u0107\",\"description\":\"Savjetovanja i forenzi\\u010dka vje\\u0161ta\\u010denja u podru\\u010dju prometnih nesre\\u0107a, za\\u0161tite na radu i za\\u0161tite od po\\u017eara\",\"potentialAction\":[{\"@type\":\"SearchAction\",\"target\":{\"@type\":\"EntryPoint\",\"urlTemplate\":\"http:\/\/marijan-kamenjasevic.from.hr\/?s={search_term_string}\"},\"query-input\":\"required name=search_term_string\"}],\"inLanguage\":\"hr\"},{\"@type\":\"ImageObject\",\"@id\":\"http:\/\/marijan-kamenjasevic.from.hr\/?page_id=193#primaryimage\",\"inLanguage\":\"hr\",\"url\":\"http:\/\/from.hr\/marijan-kamenjasevic\/files\/2024\/02\/Clipboard02.jpg\",\"contentUrl\":\"http:\/\/from.hr\/marijan-kamenjasevic\/files\/2024\/02\/Clipboard02.jpg\"},{\"@type\":\"WebPage\",\"@id\":\"http:\/\/marijan-kamenjasevic.from.hr\/?page_id=193#webpage\",\"url\":\"http:\/\/marijan-kamenjasevic.from.hr\/?page_id=193\",\"name\":\"Modeliranje evakuacije iz zgrade - Marijan Kamenja\\u0161evi\\u0107\",\"isPartOf\":{\"@id\":\"http:\/\/marijan-kamenjasevic.from.hr\/#website\"},\"primaryImageOfPage\":{\"@id\":\"http:\/\/marijan-kamenjasevic.from.hr\/?page_id=193#primaryimage\"},\"datePublished\":\"2024-02-13T21:44:01+00:00\",\"dateModified\":\"2024-02-13T21:53:47+00:00\",\"breadcrumb\":{\"@id\":\"http:\/\/marijan-kamenjasevic.from.hr\/?page_id=193#breadcrumb\"},\"inLanguage\":\"hr\",\"potentialAction\":[{\"@type\":\"ReadAction\",\"target\":[\"http:\/\/marijan-kamenjasevic.from.hr\/?page_id=193\"]}]},{\"@type\":\"BreadcrumbList\",\"@id\":\"http:\/\/marijan-kamenjasevic.from.hr\/?page_id=193#breadcrumb\",\"itemListElement\":[{\"@type\":\"ListItem\",\"position\":1,\"name\":\"Home\",\"item\":\"http:\/\/marijan-kamenjasevic.from.hr\/\"},{\"@type\":\"ListItem\",\"position\":2,\"name\":\"Modeliranje evakuacije iz zgrade\"}]}]}<\/script>\n<!-- \/ Yoast SEO plugin. -->","yoast_head_json":{"robots":{"index":"index","follow":"follow","max-snippet":"max-snippet:-1","max-image-preview":"max-image-preview:large","max-video-preview":"max-video-preview:-1"},"canonical":"http:\/\/marijan-kamenjasevic.from.hr\/?page_id=193","og_locale":"hr_HR","og_type":"article","og_title":"Modeliranje evakuacije iz zgrade - Marijan Kamenja\u0161evi\u0107","og_description":"\u0160to je modeliranje evakuacije u slu\u010daju po\u017eara? Modeliranje po\u017earne evakuacije metoda je simulacije po\u017eara u stvarnom \u017eivotu za predvi\u0111anje vremena evakuacije za podru\u010dja i zgrade. Temelji se na tome kako \u0107e ljudi reagirati pod pritiskom po\u017eara, a kada u igru &hellip; Nastavi \u010ditati &rarr;","og_url":"http:\/\/marijan-kamenjasevic.from.hr\/?page_id=193","og_site_name":"Marijan Kamenja\u0161evi\u0107","article_modified_time":"2024-02-13T21:53:47+00:00","og_image":[{"url":"http:\/\/from.hr\/marijan-kamenjasevic\/files\/2024\/02\/Clipboard02.jpg"}],"twitter_card":"summary","twitter_misc":{"Procijenjeno vrijeme \u010ditanja":"2 minute"},"schema":{"@context":"https:\/\/schema.org","@graph":[{"@type":"WebSite","@id":"http:\/\/marijan-kamenjasevic.from.hr\/#website","url":"http:\/\/marijan-kamenjasevic.from.hr\/","name":"Marijan Kamenja\u0161evi\u0107","description":"Savjetovanja i forenzi\u010dka vje\u0161ta\u010denja u podru\u010dju prometnih nesre\u0107a, za\u0161tite na radu i za\u0161tite od po\u017eara","potentialAction":[{"@type":"SearchAction","target":{"@type":"EntryPoint","urlTemplate":"http:\/\/marijan-kamenjasevic.from.hr\/?s={search_term_string}"},"query-input":"required name=search_term_string"}],"inLanguage":"hr"},{"@type":"ImageObject","@id":"http:\/\/marijan-kamenjasevic.from.hr\/?page_id=193#primaryimage","inLanguage":"hr","url":"http:\/\/from.hr\/marijan-kamenjasevic\/files\/2024\/02\/Clipboard02.jpg","contentUrl":"http:\/\/from.hr\/marijan-kamenjasevic\/files\/2024\/02\/Clipboard02.jpg"},{"@type":"WebPage","@id":"http:\/\/marijan-kamenjasevic.from.hr\/?page_id=193#webpage","url":"http:\/\/marijan-kamenjasevic.from.hr\/?page_id=193","name":"Modeliranje evakuacije iz zgrade - Marijan Kamenja\u0161evi\u0107","isPartOf":{"@id":"http:\/\/marijan-kamenjasevic.from.hr\/#website"},"primaryImageOfPage":{"@id":"http:\/\/marijan-kamenjasevic.from.hr\/?page_id=193#primaryimage"},"datePublished":"2024-02-13T21:44:01+00:00","dateModified":"2024-02-13T21:53:47+00:00","breadcrumb":{"@id":"http:\/\/marijan-kamenjasevic.from.hr\/?page_id=193#breadcrumb"},"inLanguage":"hr","potentialAction":[{"@type":"ReadAction","target":["http:\/\/marijan-kamenjasevic.from.hr\/?page_id=193"]}]},{"@type":"BreadcrumbList","@id":"http:\/\/marijan-kamenjasevic.from.hr\/?page_id=193#breadcrumb","itemListElement":[{"@type":"ListItem","position":1,"name":"Home","item":"http:\/\/marijan-kamenjasevic.from.hr\/"},{"@type":"ListItem","position":2,"name":"Modeliranje evakuacije iz zgrade"}]}]}},"_links":{"self":[{"href":"http:\/\/marijan-kamenjasevic.from.hr\/index.php?rest_route=\/wp\/v2\/pages\/193"}],"collection":[{"href":"http:\/\/marijan-kamenjasevic.from.hr\/index.php?rest_route=\/wp\/v2\/pages"}],"about":[{"href":"http:\/\/marijan-kamenjasevic.from.hr\/index.php?rest_route=\/wp\/v2\/types\/page"}],"author":[{"embeddable":true,"href":"http:\/\/marijan-kamenjasevic.from.hr\/index.php?rest_route=\/wp\/v2\/users\/2757"}],"replies":[{"embeddable":true,"href":"http:\/\/marijan-kamenjasevic.from.hr\/index.php?rest_route=%2Fwp%2Fv2%2Fcomments&post=193"}],"version-history":[{"count":4,"href":"http:\/\/marijan-kamenjasevic.from.hr\/index.php?rest_route=\/wp\/v2\/pages\/193\/revisions"}],"predecessor-version":[{"id":207,"href":"http:\/\/marijan-kamenjasevic.from.hr\/index.php?rest_route=\/wp\/v2\/pages\/193\/revisions\/207"}],"wp:attachment":[{"href":"http:\/\/marijan-kamenjasevic.from.hr\/index.php?rest_route=%2Fwp%2Fv2%2Fmedia&parent=193"}],"curies":[{"name":"wp","href":"https:\/\/api.w.org\/{rel}","templated":true}]}}