{"id":185,"date":"2024-02-13T22:27:50","date_gmt":"2024-02-13T21:27:50","guid":{"rendered":"http:\/\/marijan-kamenjasevic.from.hr\/?page_id=185"},"modified":"2024-02-13T22:55:28","modified_gmt":"2024-02-13T21:55:28","slug":"cfd-modeliranje-pozara","status":"publish","type":"page","link":"http:\/\/marijan-kamenjasevic.from.hr\/?page_id=185","title":{"rendered":"Modeliranje razvoja po\u017eara i prijenosa topline"},"content":{"rendered":"<p style=\"text-align: justify\">Nudim niz inovativnih protupo\u017earnih savjetodavnih usluga, rade\u0107i s arhitektima, dizajnerima i tijelima za izdavanje odobrenja za stvaranje optimiziranih strategija za\u0161tite od po\u017eara. Jedan od alata koje koristim je modeliranje po\u017eara pomo\u0107u ra\u010dunalne dinamike fluida (CFD).<\/p>\n<p style=\"text-align: justify\">Modeliranje po\u017eara klju\u010dni je alat kada se poku\u0161ava predvidjeti \u0161irenje dima i topline od po\u017eara u izgra\u0111enim okru\u017eenjima, a kada se pravilno koristi mo\u017ee biti mo\u0107an alat za dizajn i sigurnost.<\/p>\n<p style=\"text-align: justify\">Kada zgrada gori, udisanje dima ili prijenos topline mogu biti opasniji od kretanja plamena, stoga je va\u017eno procijeniti kako se to mo\u017ee dogoditi u slu\u010daju po\u017eara. To zatim mo\u017ee utjecati na na\u010din planiranja bijega i dizajn pasivnih i aktivnih protupo\u017earnih sustava.<\/p>\n<p style=\"text-align: justify\">CFD modeliranje po\u017eara nastoji rije\u0161iti jednad\u017ebe koje opisuju protok teku\u0107ine i prijenos topline tijekom \u0161irenja po\u017eara. Oni predvi\u0111aju kretanje dima i topline u zgradama bilo kojeg dizajna i klju\u010dni su alat u vatrogasnom in\u017eenjerstvu.<\/p>\n<p style=\"text-align: justify\">Kori\u0161tenjem najnaprednijeg softvera i tehnologije stvaram repliku modela va\u0161eg projekta za grafi\u010dko i numeri\u010dko mapiranje \u0161irenja plamena, topline i dima koje potom koristim za izradu naju\u010dinkovitije protupo\u017earne strategije za va\u0161u zgradu, u skladu s relevantnim zakonskim zahtjevima i za druge ciljeve za\u0161tite od po\u017eara.<\/p>\n<p style=\"text-align: justify\">Modeliranje prijenosa topline zra\u010denjem klju\u010dni je alat koji se koristi kada se poku\u0161ava predvidjeti o\u010dekivani prijenos topline zra\u010denjem iz po\u017eara u okolinu i izme\u0111u zgrada. Zra\u010denje je jedan od mehanizama \u0161irenja po\u017eara i javlja se kada je intenzitet po\u017eara dovoljan da isijava toplinu na obli\u017enje objekte i izazove paljenje. To se mo\u017ee dogoditi pri kontroliranom ili nekontroliranom po\u017earu. Zra\u010denje je obi\u010dno dominantan na\u010din prijenosa topline kada je objekt udaljen od po\u017eara, osobito tamo gdje se po\u017ear \u0161iri izme\u0111u zgrade i granice parcele.<\/p>\n<p style=\"text-align: justify\">Kori\u0161tenjem alata kao \u0161to su Firewind i Fire Dynamics Simulator (FDS) za procjenu o\u010dekivanog prijenosa topline zra\u010denjem i razvijam rje\u0161enja temeljena na performansama kako bi pomogao klijentima da ispune svoje namjere dizajna, a istovremeno osiguravaju sigurne dizajne zgrada.<\/p>\n","protected":false},"excerpt":{"rendered":"<p>Nudim niz inovativnih protupo\u017earnih savjetodavnih usluga, rade\u0107i s arhitektima, dizajnerima i tijelima za izdavanje odobrenja za stvaranje optimiziranih strategija za\u0161tite od po\u017eara. Jedan od alata koje koristim je modeliranje po\u017eara pomo\u0107u ra\u010dunalne dinamike fluida (CFD). Modeliranje po\u017eara klju\u010dni je alat &hellip; <a href=\"http:\/\/marijan-kamenjasevic.from.hr\/?page_id=185\">Nastavi \u010ditati <span class=\"meta-nav\">&rarr;<\/span><\/a><\/p>\n","protected":false},"author":2757,"featured_media":0,"parent":0,"menu_order":0,"comment_status":"closed","ping_status":"closed","template":"","meta":{"ngg_post_thumbnail":0},"yoast_head":"<!-- This site is optimized with the Yoast SEO plugin v17.5 - https:\/\/yoast.com\/wordpress\/plugins\/seo\/ -->\n<meta name=\"robots\" content=\"index, follow, max-snippet:-1, max-image-preview:large, max-video-preview:-1\" \/>\n<link rel=\"canonical\" href=\"http:\/\/marijan-kamenjasevic.from.hr\/?page_id=185\" \/>\n<meta property=\"og:locale\" content=\"hr_HR\" \/>\n<meta property=\"og:type\" content=\"article\" \/>\n<meta property=\"og:title\" content=\"Modeliranje razvoja po\u017eara i prijenosa topline - Marijan Kamenja\u0161evi\u0107\" \/>\n<meta property=\"og:description\" content=\"Nudim niz inovativnih protupo\u017earnih savjetodavnih usluga, rade\u0107i s arhitektima, dizajnerima i tijelima za izdavanje odobrenja za stvaranje optimiziranih strategija za\u0161tite od po\u017eara. Jedan od alata koje koristim je modeliranje po\u017eara pomo\u0107u ra\u010dunalne dinamike fluida (CFD). Modeliranje po\u017eara klju\u010dni je alat &hellip; Nastavi \u010ditati &rarr;\" \/>\n<meta property=\"og:url\" content=\"http:\/\/marijan-kamenjasevic.from.hr\/?page_id=185\" \/>\n<meta property=\"og:site_name\" content=\"Marijan Kamenja\u0161evi\u0107\" \/>\n<meta property=\"article:modified_time\" content=\"2024-02-13T21:55:28+00:00\" \/>\n<meta name=\"twitter:card\" content=\"summary\" \/>\n<meta name=\"twitter:label1\" content=\"Procijenjeno vrijeme \u010ditanja\" \/>\n\t<meta name=\"twitter:data1\" content=\"2 minute\" \/>\n<script type=\"application\/ld+json\" class=\"yoast-schema-graph\">{\"@context\":\"https:\/\/schema.org\",\"@graph\":[{\"@type\":\"WebSite\",\"@id\":\"http:\/\/marijan-kamenjasevic.from.hr\/#website\",\"url\":\"http:\/\/marijan-kamenjasevic.from.hr\/\",\"name\":\"Marijan Kamenja\\u0161evi\\u0107\",\"description\":\"Savjetovanja i forenzi\\u010dka vje\\u0161ta\\u010denja u podru\\u010dju prometnih nesre\\u0107a, za\\u0161tite na radu i za\\u0161tite od po\\u017eara\",\"potentialAction\":[{\"@type\":\"SearchAction\",\"target\":{\"@type\":\"EntryPoint\",\"urlTemplate\":\"http:\/\/marijan-kamenjasevic.from.hr\/?s={search_term_string}\"},\"query-input\":\"required name=search_term_string\"}],\"inLanguage\":\"hr\"},{\"@type\":\"WebPage\",\"@id\":\"http:\/\/marijan-kamenjasevic.from.hr\/?page_id=185#webpage\",\"url\":\"http:\/\/marijan-kamenjasevic.from.hr\/?page_id=185\",\"name\":\"Modeliranje razvoja po\\u017eara i prijenosa topline - Marijan Kamenja\\u0161evi\\u0107\",\"isPartOf\":{\"@id\":\"http:\/\/marijan-kamenjasevic.from.hr\/#website\"},\"datePublished\":\"2024-02-13T21:27:50+00:00\",\"dateModified\":\"2024-02-13T21:55:28+00:00\",\"breadcrumb\":{\"@id\":\"http:\/\/marijan-kamenjasevic.from.hr\/?page_id=185#breadcrumb\"},\"inLanguage\":\"hr\",\"potentialAction\":[{\"@type\":\"ReadAction\",\"target\":[\"http:\/\/marijan-kamenjasevic.from.hr\/?page_id=185\"]}]},{\"@type\":\"BreadcrumbList\",\"@id\":\"http:\/\/marijan-kamenjasevic.from.hr\/?page_id=185#breadcrumb\",\"itemListElement\":[{\"@type\":\"ListItem\",\"position\":1,\"name\":\"Home\",\"item\":\"http:\/\/marijan-kamenjasevic.from.hr\/\"},{\"@type\":\"ListItem\",\"position\":2,\"name\":\"Modeliranje razvoja po\\u017eara i prijenosa topline\"}]}]}<\/script>\n<!-- \/ Yoast SEO plugin. -->","yoast_head_json":{"robots":{"index":"index","follow":"follow","max-snippet":"max-snippet:-1","max-image-preview":"max-image-preview:large","max-video-preview":"max-video-preview:-1"},"canonical":"http:\/\/marijan-kamenjasevic.from.hr\/?page_id=185","og_locale":"hr_HR","og_type":"article","og_title":"Modeliranje razvoja po\u017eara i prijenosa topline - Marijan Kamenja\u0161evi\u0107","og_description":"Nudim niz inovativnih protupo\u017earnih savjetodavnih usluga, rade\u0107i s arhitektima, dizajnerima i tijelima za izdavanje odobrenja za stvaranje optimiziranih strategija za\u0161tite od po\u017eara. Jedan od alata koje koristim je modeliranje po\u017eara pomo\u0107u ra\u010dunalne dinamike fluida (CFD). Modeliranje po\u017eara klju\u010dni je alat &hellip; Nastavi \u010ditati &rarr;","og_url":"http:\/\/marijan-kamenjasevic.from.hr\/?page_id=185","og_site_name":"Marijan Kamenja\u0161evi\u0107","article_modified_time":"2024-02-13T21:55:28+00:00","twitter_card":"summary","twitter_misc":{"Procijenjeno vrijeme \u010ditanja":"2 minute"},"schema":{"@context":"https:\/\/schema.org","@graph":[{"@type":"WebSite","@id":"http:\/\/marijan-kamenjasevic.from.hr\/#website","url":"http:\/\/marijan-kamenjasevic.from.hr\/","name":"Marijan Kamenja\u0161evi\u0107","description":"Savjetovanja i forenzi\u010dka vje\u0161ta\u010denja u podru\u010dju prometnih nesre\u0107a, za\u0161tite na radu i za\u0161tite od po\u017eara","potentialAction":[{"@type":"SearchAction","target":{"@type":"EntryPoint","urlTemplate":"http:\/\/marijan-kamenjasevic.from.hr\/?s={search_term_string}"},"query-input":"required name=search_term_string"}],"inLanguage":"hr"},{"@type":"WebPage","@id":"http:\/\/marijan-kamenjasevic.from.hr\/?page_id=185#webpage","url":"http:\/\/marijan-kamenjasevic.from.hr\/?page_id=185","name":"Modeliranje razvoja po\u017eara i prijenosa topline - Marijan Kamenja\u0161evi\u0107","isPartOf":{"@id":"http:\/\/marijan-kamenjasevic.from.hr\/#website"},"datePublished":"2024-02-13T21:27:50+00:00","dateModified":"2024-02-13T21:55:28+00:00","breadcrumb":{"@id":"http:\/\/marijan-kamenjasevic.from.hr\/?page_id=185#breadcrumb"},"inLanguage":"hr","potentialAction":[{"@type":"ReadAction","target":["http:\/\/marijan-kamenjasevic.from.hr\/?page_id=185"]}]},{"@type":"BreadcrumbList","@id":"http:\/\/marijan-kamenjasevic.from.hr\/?page_id=185#breadcrumb","itemListElement":[{"@type":"ListItem","position":1,"name":"Home","item":"http:\/\/marijan-kamenjasevic.from.hr\/"},{"@type":"ListItem","position":2,"name":"Modeliranje razvoja po\u017eara i prijenosa topline"}]}]}},"_links":{"self":[{"href":"http:\/\/marijan-kamenjasevic.from.hr\/index.php?rest_route=\/wp\/v2\/pages\/185"}],"collection":[{"href":"http:\/\/marijan-kamenjasevic.from.hr\/index.php?rest_route=\/wp\/v2\/pages"}],"about":[{"href":"http:\/\/marijan-kamenjasevic.from.hr\/index.php?rest_route=\/wp\/v2\/types\/page"}],"author":[{"embeddable":true,"href":"http:\/\/marijan-kamenjasevic.from.hr\/index.php?rest_route=\/wp\/v2\/users\/2757"}],"replies":[{"embeddable":true,"href":"http:\/\/marijan-kamenjasevic.from.hr\/index.php?rest_route=%2Fwp%2Fv2%2Fcomments&post=185"}],"version-history":[{"count":6,"href":"http:\/\/marijan-kamenjasevic.from.hr\/index.php?rest_route=\/wp\/v2\/pages\/185\/revisions"}],"predecessor-version":[{"id":209,"href":"http:\/\/marijan-kamenjasevic.from.hr\/index.php?rest_route=\/wp\/v2\/pages\/185\/revisions\/209"}],"wp:attachment":[{"href":"http:\/\/marijan-kamenjasevic.from.hr\/index.php?rest_route=%2Fwp%2Fv2%2Fmedia&parent=185"}],"curies":[{"name":"wp","href":"https:\/\/api.w.org\/{rel}","templated":true}]}}