{"id":183,"date":"2024-02-13T22:24:50","date_gmt":"2024-02-13T21:24:50","guid":{"rendered":"http:\/\/marijan-kamenjasevic.from.hr\/?page_id=183"},"modified":"2024-02-13T22:57:39","modified_gmt":"2024-02-13T21:57:39","slug":"savjetovanje","status":"publish","type":"page","link":"http:\/\/marijan-kamenjasevic.from.hr\/?page_id=183","title":{"rendered":"Savjetovanje"},"content":{"rendered":"<p style=\"text-align: justify\">Savjetovanje u podru\u010dju za\u0161tite od po\u017eara i uskla\u0111ivanja sa zakonskim aktima.<br \/>\nPosve\u0107ujem se pru\u017eanju visokokvalitetnih savjeta i podr\u0161ke kako bih osigurao potpunu sigurnost va\u0161eg poslovanja, objekata i ljudi.<\/p>\n<p style=\"text-align: justify\"><strong>Protupo\u017earno savjetovanje<\/strong><br \/>\nAnaliziram va\u0161e trenutne protupo\u017earne mjere i pru\u017eam personalizirane strategije prevencije kako biste smanjili rizike i pove\u0107ali sigurnost.<\/p>\n<p style=\"text-align: justify\"><strong>Uskla\u0111enost sa zakonskim aktima<\/strong><br \/>\nBrinem se da va\u0161e poslovanje bude potpuno uskla\u0111eno s va\u017ee\u0107im zakonima i standardima za\u0161tite od po\u017eara. Pratim promjene propisa i osiguravam da ste uvijek u skladu s najnovijim zahtjevima.<\/p>\n<p style=\"text-align: justify\"><strong>Razvoj protupo\u017earnih planova<\/strong><br \/>\nPoma\u017eem vam u razvoju protupo\u017earnih planova prilago\u0111enih va\u0161im potrebama, uklju\u010duju\u0107i obuku osoblja i provedbu vje\u017ebi evakuacije.<\/p>\n<p style=\"text-align: justify\"><strong>Inspekcije i revizije<\/strong><br \/>\nRedovite inspekcije i revizije va\u0161ih protupo\u017earnih sustava klju\u010dne su za odr\u017eavanje njihove u\u010dinkovitosti. Pru\u017eam detaljne analize i preporuke za pobolj\u0161anja.<\/p>\n<p style=\"text-align: justify\"><strong>Edukacija i osna\u017eivanje<\/strong><br \/>\nKroz radionice i obuke, osna\u017eujem va\u0161e osoblje s potrebnim znanjem o protupo\u017earnim procedurama, omogu\u0107avaju\u0107i im brzo i pravilno djelovanje u hitnim situacijama.<\/p>\n<p style=\"text-align: justify\">Sa svojim iskustvom i predano\u0161\u0107u, osiguravam vrhunsku uslugu u podru\u010dju za\u0161tite od po\u017eara.<br \/>\nSvaki klijent je jedinstven, stoga prilago\u0111avam moje usluge prema va\u0161im specifi\u010dnim potrebama.<br \/>\nRadim u\u010dinkovito kako bih vam pru\u017eio brze i precizne savjete te rje\u0161enja.<br \/>\nOdr\u017eavam otvorenu i transparentnu komunikaciju, pru\u017eaju\u0107i vam redovite informacije i podr\u0161ku prema va\u0161im potrebama.<\/p>\n<p style=\"text-align: justify\">Kontaktirajte me danas i zajedno radimo na osiguravanju potpune sigurnosti va\u0161eg poslovanja. Va\u0161a za\u0161tita je moj prioritet!<\/p>\n","protected":false},"excerpt":{"rendered":"<p>Savjetovanje u podru\u010dju za\u0161tite od po\u017eara i uskla\u0111ivanja sa zakonskim aktima. Posve\u0107ujem se pru\u017eanju visokokvalitetnih savjeta i podr\u0161ke kako bih osigurao potpunu sigurnost va\u0161eg poslovanja, objekata i ljudi. Protupo\u017earno savjetovanje Analiziram va\u0161e trenutne protupo\u017earne mjere i pru\u017eam personalizirane strategije prevencije &hellip; <a href=\"http:\/\/marijan-kamenjasevic.from.hr\/?page_id=183\">Nastavi \u010ditati <span class=\"meta-nav\">&rarr;<\/span><\/a><\/p>\n","protected":false},"author":2757,"featured_media":0,"parent":0,"menu_order":0,"comment_status":"closed","ping_status":"closed","template":"","meta":{"ngg_post_thumbnail":0},"yoast_head":"<!-- This site is optimized with the Yoast SEO plugin v17.5 - https:\/\/yoast.com\/wordpress\/plugins\/seo\/ -->\n<meta name=\"robots\" content=\"index, follow, max-snippet:-1, max-image-preview:large, max-video-preview:-1\" \/>\n<link rel=\"canonical\" href=\"http:\/\/marijan-kamenjasevic.from.hr\/?page_id=183\" \/>\n<meta property=\"og:locale\" content=\"hr_HR\" \/>\n<meta property=\"og:type\" content=\"article\" \/>\n<meta property=\"og:title\" content=\"Savjetovanje - Marijan Kamenja\u0161evi\u0107\" \/>\n<meta property=\"og:description\" content=\"Savjetovanje u podru\u010dju za\u0161tite od po\u017eara i uskla\u0111ivanja sa zakonskim aktima. Posve\u0107ujem se pru\u017eanju visokokvalitetnih savjeta i podr\u0161ke kako bih osigurao potpunu sigurnost va\u0161eg poslovanja, objekata i ljudi. Protupo\u017earno savjetovanje Analiziram va\u0161e trenutne protupo\u017earne mjere i pru\u017eam personalizirane strategije prevencije &hellip; Nastavi \u010ditati &rarr;\" \/>\n<meta property=\"og:url\" content=\"http:\/\/marijan-kamenjasevic.from.hr\/?page_id=183\" \/>\n<meta property=\"og:site_name\" content=\"Marijan Kamenja\u0161evi\u0107\" \/>\n<meta property=\"article:modified_time\" content=\"2024-02-13T21:57:39+00:00\" \/>\n<meta name=\"twitter:card\" content=\"summary\" \/>\n<meta name=\"twitter:label1\" content=\"Procijenjeno vrijeme \u010ditanja\" \/>\n\t<meta name=\"twitter:data1\" content=\"1 minuta\" \/>\n<script type=\"application\/ld+json\" class=\"yoast-schema-graph\">{\"@context\":\"https:\/\/schema.org\",\"@graph\":[{\"@type\":\"WebSite\",\"@id\":\"http:\/\/marijan-kamenjasevic.from.hr\/#website\",\"url\":\"http:\/\/marijan-kamenjasevic.from.hr\/\",\"name\":\"Marijan Kamenja\\u0161evi\\u0107\",\"description\":\"Savjetovanja i forenzi\\u010dka vje\\u0161ta\\u010denja u podru\\u010dju prometnih nesre\\u0107a, za\\u0161tite na radu i za\\u0161tite od po\\u017eara\",\"potentialAction\":[{\"@type\":\"SearchAction\",\"target\":{\"@type\":\"EntryPoint\",\"urlTemplate\":\"http:\/\/marijan-kamenjasevic.from.hr\/?s={search_term_string}\"},\"query-input\":\"required name=search_term_string\"}],\"inLanguage\":\"hr\"},{\"@type\":\"WebPage\",\"@id\":\"http:\/\/marijan-kamenjasevic.from.hr\/?page_id=183#webpage\",\"url\":\"http:\/\/marijan-kamenjasevic.from.hr\/?page_id=183\",\"name\":\"Savjetovanje - Marijan Kamenja\\u0161evi\\u0107\",\"isPartOf\":{\"@id\":\"http:\/\/marijan-kamenjasevic.from.hr\/#website\"},\"datePublished\":\"2024-02-13T21:24:50+00:00\",\"dateModified\":\"2024-02-13T21:57:39+00:00\",\"breadcrumb\":{\"@id\":\"http:\/\/marijan-kamenjasevic.from.hr\/?page_id=183#breadcrumb\"},\"inLanguage\":\"hr\",\"potentialAction\":[{\"@type\":\"ReadAction\",\"target\":[\"http:\/\/marijan-kamenjasevic.from.hr\/?page_id=183\"]}]},{\"@type\":\"BreadcrumbList\",\"@id\":\"http:\/\/marijan-kamenjasevic.from.hr\/?page_id=183#breadcrumb\",\"itemListElement\":[{\"@type\":\"ListItem\",\"position\":1,\"name\":\"Home\",\"item\":\"http:\/\/marijan-kamenjasevic.from.hr\/\"},{\"@type\":\"ListItem\",\"position\":2,\"name\":\"Savjetovanje\"}]}]}<\/script>\n<!-- \/ Yoast SEO plugin. -->","yoast_head_json":{"robots":{"index":"index","follow":"follow","max-snippet":"max-snippet:-1","max-image-preview":"max-image-preview:large","max-video-preview":"max-video-preview:-1"},"canonical":"http:\/\/marijan-kamenjasevic.from.hr\/?page_id=183","og_locale":"hr_HR","og_type":"article","og_title":"Savjetovanje - Marijan Kamenja\u0161evi\u0107","og_description":"Savjetovanje u podru\u010dju za\u0161tite od po\u017eara i uskla\u0111ivanja sa zakonskim aktima. Posve\u0107ujem se pru\u017eanju visokokvalitetnih savjeta i podr\u0161ke kako bih osigurao potpunu sigurnost va\u0161eg poslovanja, objekata i ljudi. Protupo\u017earno savjetovanje Analiziram va\u0161e trenutne protupo\u017earne mjere i pru\u017eam personalizirane strategije prevencije &hellip; Nastavi \u010ditati &rarr;","og_url":"http:\/\/marijan-kamenjasevic.from.hr\/?page_id=183","og_site_name":"Marijan Kamenja\u0161evi\u0107","article_modified_time":"2024-02-13T21:57:39+00:00","twitter_card":"summary","twitter_misc":{"Procijenjeno vrijeme \u010ditanja":"1 minuta"},"schema":{"@context":"https:\/\/schema.org","@graph":[{"@type":"WebSite","@id":"http:\/\/marijan-kamenjasevic.from.hr\/#website","url":"http:\/\/marijan-kamenjasevic.from.hr\/","name":"Marijan Kamenja\u0161evi\u0107","description":"Savjetovanja i forenzi\u010dka vje\u0161ta\u010denja u podru\u010dju prometnih nesre\u0107a, za\u0161tite na radu i za\u0161tite od po\u017eara","potentialAction":[{"@type":"SearchAction","target":{"@type":"EntryPoint","urlTemplate":"http:\/\/marijan-kamenjasevic.from.hr\/?s={search_term_string}"},"query-input":"required name=search_term_string"}],"inLanguage":"hr"},{"@type":"WebPage","@id":"http:\/\/marijan-kamenjasevic.from.hr\/?page_id=183#webpage","url":"http:\/\/marijan-kamenjasevic.from.hr\/?page_id=183","name":"Savjetovanje - Marijan Kamenja\u0161evi\u0107","isPartOf":{"@id":"http:\/\/marijan-kamenjasevic.from.hr\/#website"},"datePublished":"2024-02-13T21:24:50+00:00","dateModified":"2024-02-13T21:57:39+00:00","breadcrumb":{"@id":"http:\/\/marijan-kamenjasevic.from.hr\/?page_id=183#breadcrumb"},"inLanguage":"hr","potentialAction":[{"@type":"ReadAction","target":["http:\/\/marijan-kamenjasevic.from.hr\/?page_id=183"]}]},{"@type":"BreadcrumbList","@id":"http:\/\/marijan-kamenjasevic.from.hr\/?page_id=183#breadcrumb","itemListElement":[{"@type":"ListItem","position":1,"name":"Home","item":"http:\/\/marijan-kamenjasevic.from.hr\/"},{"@type":"ListItem","position":2,"name":"Savjetovanje"}]}]}},"_links":{"self":[{"href":"http:\/\/marijan-kamenjasevic.from.hr\/index.php?rest_route=\/wp\/v2\/pages\/183"}],"collection":[{"href":"http:\/\/marijan-kamenjasevic.from.hr\/index.php?rest_route=\/wp\/v2\/pages"}],"about":[{"href":"http:\/\/marijan-kamenjasevic.from.hr\/index.php?rest_route=\/wp\/v2\/types\/page"}],"author":[{"embeddable":true,"href":"http:\/\/marijan-kamenjasevic.from.hr\/index.php?rest_route=\/wp\/v2\/users\/2757"}],"replies":[{"embeddable":true,"href":"http:\/\/marijan-kamenjasevic.from.hr\/index.php?rest_route=%2Fwp%2Fv2%2Fcomments&post=183"}],"version-history":[{"count":2,"href":"http:\/\/marijan-kamenjasevic.from.hr\/index.php?rest_route=\/wp\/v2\/pages\/183\/revisions"}],"predecessor-version":[{"id":211,"href":"http:\/\/marijan-kamenjasevic.from.hr\/index.php?rest_route=\/wp\/v2\/pages\/183\/revisions\/211"}],"wp:attachment":[{"href":"http:\/\/marijan-kamenjasevic.from.hr\/index.php?rest_route=%2Fwp%2Fv2%2Fmedia&parent=183"}],"curies":[{"name":"wp","href":"https:\/\/api.w.org\/{rel}","templated":true}]}}