{"id":179,"date":"2022-09-17T23:10:36","date_gmt":"2022-09-17T21:10:36","guid":{"rendered":"http:\/\/marijan-kamenjasevic.from.hr\/?page_id=179"},"modified":"2025-10-16T21:07:45","modified_gmt":"2025-10-16T19:07:45","slug":"about-me","status":"publish","type":"page","link":"http:\/\/marijan-kamenjasevic.from.hr\/","title":{"rendered":"O meni"},"content":{"rendered":"<p style=\"text-align: justify\"><span style=\"color: #000000\"><img loading=\"lazy\" class=\"alignleft size-thumbnail wp-image-118\" src=\"http:\/\/marijan-kamenjasevic.from.hr\/files\/2021\/05\/MK-150x150.jpg\" alt=\"\" width=\"150\" height=\"150\">Dobrodo\u0161li na moju web stranicu. <\/span><\/p>\n<p style=\"text-align: justify\"><span style=\"color: #000000\">Bavim se savjetovanjem i forenzi\u010dkim vje\u0161ta\u010denjem u podru\u010dju prometnih nesre\u0107a, za\u0161tite na radu i za\u0161tite od po\u017eara (ozljede na radu, po\u017eari, eksplozije). <span style=\"color: #ffffff\">sudski vje\u0161tak<\/span><\/span><\/p>\n<p style=\"text-align: justify\"><span style=\"color: #000000\">Naj\u010de\u0161\u0107e su stalni sudski vje\u0161taci stru\u010dnjaci u jednom podru\u010dju, me\u0111utim, zbog raznih okolnosti, moja karijera me vodila kroz \u010dak tri podru\u010dja gdje sam stekao profesionalno iskustvo i znanje. Imam 10 godina radnog iskustva u cestovnom prometu na razli\u010ditim radnim mjestima i vi\u0161e od 14 godina radnog iskustva u podru\u010dju za\u0161tite (za\u0161tita na radu, za\u0161tita od po\u017eara, civilna za\u0161tita) i sigurnosti (informacijska sigurnost).<\/span><\/p>\n<p style=\"text-align: justify\"><span style=\"color: #000000\">Po struci sam magistar cestovnog prometa (Fakultet prometnih znanosti u Zagrebu) i sveu\u010dili\u0161ni specijalist gra\u0111evinarstva (protupo\u017earno in\u017eenjerstvo &#8211; Gra\u0111evinski fakultet u Zagrebu).<\/span><\/p>\n<p><span style=\"color: #000000\">Imam sljede\u0107e stru\u010dne ispite:<\/span><\/p>\n<ul>\n<li><span style=\"color: #000000\">Stru\u010dnjak za za\u0161titu od po\u017eara <\/span><\/li>\n<li><span style=\"color: #000000\">Stru\u010dnjak za zdravlje i sigurnost na radu<\/span><\/li>\n<\/ul>\n<p><span style=\"color: #000000\">Prema odluci Ministarstva unutarnjih poslova imenovan sam voditeljem tima za procjenu po\u017eara i tehnolo\u0161ke eksplozije.<\/span><\/p>\n<p><span style=\"color: #000000\">Uz dr\u017eavne stru\u010dne ispite, stekao sam zvanje vi\u0161eg vatrogasnog \u010dasnika i specijalista poslovne informatike &#8211; ECDL.<\/span><\/p>\n<p><span style=\"color: #000000\">U slobodno vrijeme prou\u010davam mnoga podru\u010dja uz pomo\u0107 online platformi za u\u010denje kao \u0161to su Coursera, Eduonix, Udemy i mnoge druge.<\/span><\/p>\n<p><span style=\"color: #000000\">U bazi podataka Hrvatske znanstvene bibliografije kao autor ili jedan od autora objavio sam sljede\u0107e stru\u010dne radove:<\/span><\/p>\n<ul>\n<li style=\"text-align: justify\"><span style=\"color: #000000\">Analiza tramvajske mre\u017ee Grada Zagreba<\/span><\/li>\n<li style=\"text-align: justify\"><span style=\"color: #000000\">Mjere za pove\u0107anje sigurnosti putnika u javnom prijevozu<\/span><\/li>\n<li style=\"text-align: justify\"><span style=\"color: #000000\">Organizacija javnog gradskog prijevoza putnika na podru\u010dju Dugog Sela<\/span><\/li>\n<li style=\"text-align: justify\"><span style=\"color: #000000\">Procjena ugro\u017eenosti radnika, materijalnih i kulturnih dobara te okoli\u0161a od posljedica prirodnih i tehni\u010dko-tehnolo\u0161kih katastrofa i velikih nesre\u0107a za ZGH d.o.o.<\/span><\/li>\n<li style=\"text-align: justify\"><span style=\"color: #000000\">Sustav za ga\u0161enje po\u017eara vodenom maglom niskog tlaka<\/span><\/li>\n<li style=\"text-align: justify\"><span style=\"color: #000000\">Comparing Low-Pressure Water Mist and Sprinklers \/\/ International fire protection, 2014.<\/span><\/li>\n<\/ul>\n<p><span style=\"color: #000000\">\u010clan sam Hrvatskog instituta za norme, gdje aktivno sudjelujem u radu sljede\u0107ih tehni\u010dkih odbora:<\/span><\/p>\n<ul>\n<li><span style=\"color: #000000\">Eksplozivne atmosfere <\/span><\/li>\n<li><span style=\"color: #000000\">Osobna za\u0161titna oprema <\/span><\/li>\n<li><span style=\"color: #000000\">Protupo\u017earna oprema i oprema za ga\u0161enje po\u017eara <\/span><\/li>\n<li><span style=\"color: #000000\">Protupo\u017earna za\u0161tita <\/span><\/li>\n<li><span style=\"color: #000000\">Za\u0161tita di\u0161nih putova <\/span><\/li>\n<li><span style=\"color: #000000\">Za\u0161titna odje\u0107a<\/span><\/li>\n<\/ul>\n<p><span style=\"color: #000000\">Kao stru\u010dnjak za za\u0161titu na radu, uvr\u0161ten sam u bazu podataka vanjskih stru\u010dnjaka-suradnika za potrebe Frontexa (Europske agencije za grani\u010dnu i obalnu stra\u017eu).<\/span><\/p>\n<p><span style=\"color: #000000\">Ako vam je potrebno savjetovanje u sljede\u0107im podru\u010djima:<\/span><\/p>\n<ul>\n<li><span style=\"color: #000000\">za\u0161tita na radu (ozljede na radu) <\/span><\/li>\n<li><span style=\"color: #000000\">za\u0161tita od po\u017eara i za\u0161tita <\/span><\/li>\n<li><span style=\"color: #000000\">cestovni promet (procjenjivanje vrijednosti vozila, analiza prometnih nesre\u0107a i nezgoda)<\/span><\/li>\n<\/ul>\n<p><span style=\"color: #000000\">obratite se s povjerenjem putem <a style=\"text-align: justify;color: #000000\" href=\"mailto:kmarijan@gmail.com\">maila.<\/a><\/span><\/p>\n<h2 style=\"text-align: justify\"><span style=\"color: #ffffff\">sudski vje\u0161tak<\/span><\/h2>\n","protected":false},"excerpt":{"rendered":"<p>Dobrodo\u0161li na moju web stranicu. Bavim se savjetovanjem i forenzi\u010dkim vje\u0161ta\u010denjem u podru\u010dju prometnih nesre\u0107a, za\u0161tite na radu i za\u0161tite od po\u017eara (ozljede na radu, po\u017eari, eksplozije). sudski vje\u0161tak Naj\u010de\u0161\u0107e su stalni sudski vje\u0161taci stru\u010dnjaci u jednom podru\u010dju, me\u0111utim, zbog &hellip; <a href=\"http:\/\/marijan-kamenjasevic.from.hr\/\">Nastavi \u010ditati <span class=\"meta-nav\">&rarr;<\/span><\/a><\/p>\n","protected":false},"author":2757,"featured_media":0,"parent":0,"menu_order":0,"comment_status":"closed","ping_status":"closed","template":"","meta":{"ngg_post_thumbnail":0},"yoast_head":"<!-- This site is optimized with the Yoast SEO plugin v17.5 - https:\/\/yoast.com\/wordpress\/plugins\/seo\/ -->\n<meta name=\"robots\" content=\"index, follow, max-snippet:-1, max-image-preview:large, max-video-preview:-1\" \/>\n<link rel=\"canonical\" href=\"http:\/\/marijan-kamenjasevic.from.hr\/\" \/>\n<meta property=\"og:locale\" content=\"hr_HR\" \/>\n<meta property=\"og:type\" content=\"article\" \/>\n<meta property=\"og:title\" content=\"O meni - Marijan Kamenja\u0161evi\u0107\" \/>\n<meta property=\"og:description\" content=\"Dobrodo\u0161li na moju web stranicu. Bavim se savjetovanjem i forenzi\u010dkim vje\u0161ta\u010denjem u podru\u010dju prometnih nesre\u0107a, za\u0161tite na radu i za\u0161tite od po\u017eara (ozljede na radu, po\u017eari, eksplozije). sudski vje\u0161tak Naj\u010de\u0161\u0107e su stalni sudski vje\u0161taci stru\u010dnjaci u jednom podru\u010dju, me\u0111utim, zbog &hellip; Nastavi \u010ditati &rarr;\" \/>\n<meta property=\"og:url\" content=\"http:\/\/marijan-kamenjasevic.from.hr\/\" \/>\n<meta property=\"og:site_name\" content=\"Marijan Kamenja\u0161evi\u0107\" \/>\n<meta property=\"article:modified_time\" content=\"2025-10-16T19:07:45+00:00\" \/>\n<meta property=\"og:image\" content=\"http:\/\/marijan-kamenjasevic.from.hr\/files\/2021\/05\/MK-150x150.jpg\" \/>\n<meta name=\"twitter:card\" content=\"summary\" \/>\n<meta name=\"twitter:label1\" content=\"Procijenjeno vrijeme \u010ditanja\" \/>\n\t<meta name=\"twitter:data1\" content=\"2 minute\" \/>\n<script type=\"application\/ld+json\" class=\"yoast-schema-graph\">{\"@context\":\"https:\/\/schema.org\",\"@graph\":[{\"@type\":\"WebSite\",\"@id\":\"http:\/\/marijan-kamenjasevic.from.hr\/#website\",\"url\":\"http:\/\/marijan-kamenjasevic.from.hr\/\",\"name\":\"Marijan Kamenja\\u0161evi\\u0107\",\"description\":\"Savjetovanja i forenzi\\u010dka vje\\u0161ta\\u010denja u podru\\u010dju prometnih nesre\\u0107a, za\\u0161tite na radu i za\\u0161tite od po\\u017eara\",\"potentialAction\":[{\"@type\":\"SearchAction\",\"target\":{\"@type\":\"EntryPoint\",\"urlTemplate\":\"http:\/\/marijan-kamenjasevic.from.hr\/?s={search_term_string}\"},\"query-input\":\"required name=search_term_string\"}],\"inLanguage\":\"hr\"},{\"@type\":\"ImageObject\",\"@id\":\"http:\/\/marijan-kamenjasevic.from.hr\/#primaryimage\",\"inLanguage\":\"hr\",\"url\":\"http:\/\/marijan-kamenjasevic.from.hr\/files\/2021\/05\/MK-150x150.jpg\",\"contentUrl\":\"http:\/\/marijan-kamenjasevic.from.hr\/files\/2021\/05\/MK-150x150.jpg\"},{\"@type\":\"WebPage\",\"@id\":\"http:\/\/marijan-kamenjasevic.from.hr\/#webpage\",\"url\":\"http:\/\/marijan-kamenjasevic.from.hr\/\",\"name\":\"O meni - Marijan Kamenja\\u0161evi\\u0107\",\"isPartOf\":{\"@id\":\"http:\/\/marijan-kamenjasevic.from.hr\/#website\"},\"primaryImageOfPage\":{\"@id\":\"http:\/\/marijan-kamenjasevic.from.hr\/#primaryimage\"},\"datePublished\":\"2022-09-17T21:10:36+00:00\",\"dateModified\":\"2025-10-16T19:07:45+00:00\",\"breadcrumb\":{\"@id\":\"http:\/\/marijan-kamenjasevic.from.hr\/#breadcrumb\"},\"inLanguage\":\"hr\",\"potentialAction\":[{\"@type\":\"ReadAction\",\"target\":[\"http:\/\/marijan-kamenjasevic.from.hr\/\"]}]},{\"@type\":\"BreadcrumbList\",\"@id\":\"http:\/\/marijan-kamenjasevic.from.hr\/#breadcrumb\",\"itemListElement\":[{\"@type\":\"ListItem\",\"position\":1,\"name\":\"Home\",\"item\":\"http:\/\/marijan-kamenjasevic.from.hr\/\"},{\"@type\":\"ListItem\",\"position\":2,\"name\":\"O meni\"}]}]}<\/script>\n<!-- \/ Yoast SEO plugin. -->","yoast_head_json":{"robots":{"index":"index","follow":"follow","max-snippet":"max-snippet:-1","max-image-preview":"max-image-preview:large","max-video-preview":"max-video-preview:-1"},"canonical":"http:\/\/marijan-kamenjasevic.from.hr\/","og_locale":"hr_HR","og_type":"article","og_title":"O meni - Marijan Kamenja\u0161evi\u0107","og_description":"Dobrodo\u0161li na moju web stranicu. Bavim se savjetovanjem i forenzi\u010dkim vje\u0161ta\u010denjem u podru\u010dju prometnih nesre\u0107a, za\u0161tite na radu i za\u0161tite od po\u017eara (ozljede na radu, po\u017eari, eksplozije). sudski vje\u0161tak Naj\u010de\u0161\u0107e su stalni sudski vje\u0161taci stru\u010dnjaci u jednom podru\u010dju, me\u0111utim, zbog &hellip; Nastavi \u010ditati &rarr;","og_url":"http:\/\/marijan-kamenjasevic.from.hr\/","og_site_name":"Marijan Kamenja\u0161evi\u0107","article_modified_time":"2025-10-16T19:07:45+00:00","og_image":[{"url":"http:\/\/marijan-kamenjasevic.from.hr\/files\/2021\/05\/MK-150x150.jpg"}],"twitter_card":"summary","twitter_misc":{"Procijenjeno vrijeme \u010ditanja":"2 minute"},"schema":{"@context":"https:\/\/schema.org","@graph":[{"@type":"WebSite","@id":"http:\/\/marijan-kamenjasevic.from.hr\/#website","url":"http:\/\/marijan-kamenjasevic.from.hr\/","name":"Marijan Kamenja\u0161evi\u0107","description":"Savjetovanja i forenzi\u010dka vje\u0161ta\u010denja u podru\u010dju prometnih nesre\u0107a, za\u0161tite na radu i za\u0161tite od po\u017eara","potentialAction":[{"@type":"SearchAction","target":{"@type":"EntryPoint","urlTemplate":"http:\/\/marijan-kamenjasevic.from.hr\/?s={search_term_string}"},"query-input":"required name=search_term_string"}],"inLanguage":"hr"},{"@type":"ImageObject","@id":"http:\/\/marijan-kamenjasevic.from.hr\/#primaryimage","inLanguage":"hr","url":"http:\/\/marijan-kamenjasevic.from.hr\/files\/2021\/05\/MK-150x150.jpg","contentUrl":"http:\/\/marijan-kamenjasevic.from.hr\/files\/2021\/05\/MK-150x150.jpg"},{"@type":"WebPage","@id":"http:\/\/marijan-kamenjasevic.from.hr\/#webpage","url":"http:\/\/marijan-kamenjasevic.from.hr\/","name":"O meni - Marijan Kamenja\u0161evi\u0107","isPartOf":{"@id":"http:\/\/marijan-kamenjasevic.from.hr\/#website"},"primaryImageOfPage":{"@id":"http:\/\/marijan-kamenjasevic.from.hr\/#primaryimage"},"datePublished":"2022-09-17T21:10:36+00:00","dateModified":"2025-10-16T19:07:45+00:00","breadcrumb":{"@id":"http:\/\/marijan-kamenjasevic.from.hr\/#breadcrumb"},"inLanguage":"hr","potentialAction":[{"@type":"ReadAction","target":["http:\/\/marijan-kamenjasevic.from.hr\/"]}]},{"@type":"BreadcrumbList","@id":"http:\/\/marijan-kamenjasevic.from.hr\/#breadcrumb","itemListElement":[{"@type":"ListItem","position":1,"name":"Home","item":"http:\/\/marijan-kamenjasevic.from.hr\/"},{"@type":"ListItem","position":2,"name":"O meni"}]}]}},"_links":{"self":[{"href":"http:\/\/marijan-kamenjasevic.from.hr\/index.php?rest_route=\/wp\/v2\/pages\/179"}],"collection":[{"href":"http:\/\/marijan-kamenjasevic.from.hr\/index.php?rest_route=\/wp\/v2\/pages"}],"about":[{"href":"http:\/\/marijan-kamenjasevic.from.hr\/index.php?rest_route=\/wp\/v2\/types\/page"}],"author":[{"embeddable":true,"href":"http:\/\/marijan-kamenjasevic.from.hr\/index.php?rest_route=\/wp\/v2\/users\/2757"}],"replies":[{"embeddable":true,"href":"http:\/\/marijan-kamenjasevic.from.hr\/index.php?rest_route=%2Fwp%2Fv2%2Fcomments&post=179"}],"version-history":[{"count":5,"href":"http:\/\/marijan-kamenjasevic.from.hr\/index.php?rest_route=\/wp\/v2\/pages\/179\/revisions"}],"predecessor-version":[{"id":284,"href":"http:\/\/marijan-kamenjasevic.from.hr\/index.php?rest_route=\/wp\/v2\/pages\/179\/revisions\/284"}],"wp:attachment":[{"href":"http:\/\/marijan-kamenjasevic.from.hr\/index.php?rest_route=%2Fwp%2Fv2%2Fmedia&parent=179"}],"curies":[{"name":"wp","href":"https:\/\/api.w.org\/{rel}","templated":true}]}}